{"id":242936,"date":"2023-12-12T13:47:40","date_gmt":"2023-12-12T13:47:40","guid":{"rendered":"https:\/\/occasions-teile.ch\/product\/fiat-doblo-bremszange-bremssattel-vorne-2\/"},"modified":"2024-05-29T05:17:29","modified_gmt":"2024-05-29T05:17:29","slug":"fiat-doblo-bremszange-bremssattel-vorne-2","status":"publish","type":"product","link":"https:\/\/occasions-teile.ch\/en\/produkt\/fiat-doblo-bremszange-bremssattel-vorne-2\/","title":{"rendered":"Fiat Doblo  Bremszange Bremssattel vorne"},"content":{"rendered":"<p><span><b>Technische Daten<\/b><\/p>\n<p> Fahrzeug: Fiat Doblo<br \/>\n Chassis Nr.: ZFA26300006C74920<br \/>\n Baujahr: 2016<br \/>\n Kilometer: 102296 KM<br \/>\n Leistung: 90 KW<br \/>\n Hubraum: 1598 ccm<br \/>\n Typ: 3FC732<br \/>\n Farbcode: White\/Weiss<br \/>\n Hinweise: &#8211;<\/p>\n<p> Versand: Versand nur in der Schweiz m\u00f6glich.Im Ausland ist der Transport k\u00e4uferseits.<br \/>\n Garantie: 3 Monate Garantie. Bitte beachten Sie, dass die Gew\u00e4hrleistung nur g\u00fcltig ist, wenn der Ersatzteileinbau durch eine Fachwerkstatt\/Meisterwerkstatt erfolgt. Das Ein- und Ausbau des Ersatzteiles kann nicht an uns verrechnet werden. <\/p>\n<p> Ersatzteil: f\u00fcr andere Fahrzeugen (Marken) verf\u00fcgbar auf anfrage. Tel.041 980 27 47. Mobil. 076 589 27 47<\/p>\n<p> Kontakt<br \/>\n  Adresse: Autoverwertung Brun AG<br \/>\n           M\u00f6\u00f6slimatten 13<br \/>\n           6218 Ettiswil<br \/>\n  Telefon: 0041 (041) 980 27 47<br \/>\n  Telefax: 0041 (041) 980 03 47<\/p>\n<p> Wir bieten Ihnen weitere gebrauchte Autoteile zum Kauf an.<br \/>\n<\/span><\/p>\n","protected":false},"excerpt":{"rendered":"<p>Technische Daten Fahrzeug: Fiat Doblo Chassis Nr.: ZFA26300006C74920 Baujahr: 2016 Kilometer: 102296 KM Leistung: 90 KW Hubraum: 1598 ccm Typ: 3FC732 Farbcode: White\/Weiss Hinweise: &#8211; Versand: Versand nur in der Schweiz m\u00f6glich.Im Ausland ist der Transport k\u00e4uferseits. Garantie: 3 Monate Garantie. Bitte beachten Sie, dass die Gew\u00e4hrleistung nur g\u00fcltig ist, wenn der Ersatzteileinbau durch eine&hellip; <a class=\"more-link\" href=\"https:\/\/occasions-teile.ch\/en\/produkt\/fiat-doblo-bremszange-bremssattel-vorne-2\/\">Continue reading <span class=\"screen-reader-text\">Fiat Doblo  Bremszange Bremssattel vorne<\/span><\/a><\/p>\n","protected":false},"featured_media":242933,"template":"","meta":[],"product_brand":[],"product_cat":[780,779,533,530,777,778,23814,8238,3926,3927,3928,781,782,1380,1383,1377,536,8222,8224,8226],"product_tag":[],"class_list":{"0":"post-242936","1":"product","2":"type-product","3":"status-publish","4":"has-post-thumbnail","6":"product_cat-en-brake-caliper-front","7":"product_cat-en-brake-calipercarrier","8":"product_cat-en-brake-brake-system","9":"product_cat-de-bremse-bremsanlage","10":"product_cat-de-bremssatteltraeger","11":"product_cat-de-bremszange-bremssattel-vorne","12":"product_cat-de-cargo-16d-de_slug_fiat_doblo_249-de_fiat-manufacturer-36","13":"product_cat-de-cargo-16d-de_slug_fiat_doblo_249-de_fiat-manufacturer-9","14":"product_cat-de_slug_fiat_doblo_249","15":"product_cat-en_slug_fiat_doblo_436","16":"product_cat-fr_slug_fiat_doblo_181","17":"product_cat-fr-etrier-de-frein-support","18":"product_cat-fr-etrier-de-frein-avant","19":"product_cat-en_fiat","20":"product_cat-fr_fiat","21":"product_cat-de_fiat","22":"product_cat-fr-frein-systeme-de-freinage","23":"product_cat-de-zfa26300006c74920-200000251","24":"product_cat-en-zfa26300006c74920-200000251","25":"product_cat-fr-zfa26300006c74920-200000251","26":"product_shipping_class-tarif-1","27":"entry","29":"first","30":"instock","31":"taxable","32":"shipping-taxable","33":"purchasable","34":"product-type-simple"},"jetpack_sharing_enabled":true,"_links":{"self":[{"href":"https:\/\/occasions-teile.ch\/en\/wp-json\/wp\/v2\/product\/242936","targetHints":{"allow":["GET"]}}],"collection":[{"href":"https:\/\/occasions-teile.ch\/en\/wp-json\/wp\/v2\/product"}],"about":[{"href":"https:\/\/occasions-teile.ch\/en\/wp-json\/wp\/v2\/types\/product"}],"wp:featuredmedia":[{"embeddable":true,"href":"https:\/\/occasions-teile.ch\/en\/wp-json\/wp\/v2\/media\/242933"}],"wp:attachment":[{"href":"https:\/\/occasions-teile.ch\/en\/wp-json\/wp\/v2\/media?parent=242936"}],"wp:term":[{"taxonomy":"product_brand","embeddable":true,"href":"https:\/\/occasions-teile.ch\/en\/wp-json\/wp\/v2\/product_brand?post=242936"},{"taxonomy":"product_cat","embeddable":true,"href":"https:\/\/occasions-teile.ch\/en\/wp-json\/wp\/v2\/product_cat?post=242936"},{"taxonomy":"product_tag","embeddable":true,"href":"https:\/\/occasions-teile.ch\/en\/wp-json\/wp\/v2\/product_tag?post=242936"}],"curies":[{"name":"wp","href":"https:\/\/api.w.org\/{rel}","templated":true}]}}