{"id":235456,"date":"2023-11-24T07:11:06","date_gmt":"2023-11-24T07:11:06","guid":{"rendered":"https:\/\/occasions-teile.ch\/product\/maserati-ghibli-katalysator\/"},"modified":"2024-05-29T05:00:58","modified_gmt":"2024-05-29T05:00:58","slug":"maserati-ghibli-katalysator","status":"publish","type":"product","link":"https:\/\/occasions-teile.ch\/en\/produkt\/maserati-ghibli-katalysator\/","title":{"rendered":"Maserati Ghibli  Katalysator"},"content":{"rendered":"<p><span><b>Technische Daten<\/b><\/p>\n<p> Fahrzeug: Maserati Ghibli<br \/>\n Chassis Nr.: ZAMRT57B001101163<br \/>\n Baujahr: 2014<br \/>\n Kilometer: 140976 KM<br \/>\n Leistung: 410 KW<br \/>\n Hubraum: 2979 ccm<br \/>\n Typ: 1MA154<br \/>\n Farbcode: Black<br \/>\n Hinweise: &#8211;<\/p>\n<p> Versand: Versand nur in der Schweiz m\u00f6glich.Im Ausland ist der Transport k\u00e4uferseits.<br \/>\n Garantie: 3 Monate Garantie. Bitte beachten Sie, dass die Gew\u00e4hrleistung nur g\u00fcltig ist, wenn der Ersatzteileinbau durch eine Fachwerkstatt\/Meisterwerkstatt erfolgt. Das Ein- und Ausbau des Ersatzteiles kann nicht an uns verrechnet werden. <\/p>\n<p> Ersatzteil: f\u00fcr andere Fahrzeugen (Marken) verf\u00fcgbar auf anfrage. Tel.041 980 27 47. Mobil. 076 589 27 47<\/p>\n<p> Kontakt<br \/>\n  Adresse: Autoverwertung Brun AG<br \/>\n           M\u00f6\u00f6slimatten 13<br \/>\n           6218 Ettiswil<br \/>\n  Telefon: 0041 (041) 980 27 47<br \/>\n  Telefax: 0041 (041) 980 03 47<\/p>\n<p> Wir bieten Ihnen weitere gebrauchte Autoteile zum Kauf an.<br \/>\n<\/span><\/p>\n","protected":false},"excerpt":{"rendered":"<p>Technische Daten Fahrzeug: Maserati Ghibli Chassis Nr.: ZAMRT57B001101163 Baujahr: 2014 Kilometer: 140976 KM Leistung: 410 KW Hubraum: 2979 ccm Typ: 1MA154 Farbcode: Black Hinweise: &#8211; Versand: Versand nur in der Schweiz m\u00f6glich.Im Ausland ist der Transport k\u00e4uferseits. Garantie: 3 Monate Garantie. Bitte beachten Sie, dass die Gew\u00e4hrleistung nur g\u00fcltig ist, wenn der Ersatzteileinbau durch eine&hellip; <a class=\"more-link\" href=\"https:\/\/occasions-teile.ch\/en\/produkt\/maserati-ghibli-katalysator\/\">Continue reading <span class=\"screen-reader-text\">Maserati Ghibli  Katalysator<\/span><\/a><\/p>\n","protected":false},"featured_media":235453,"template":"","meta":[],"product_brand":[],"product_cat":[597,646,647,644,645,600,1725,1722,1719,642,643,1724,1721,1718,7643,23813,603,1720,1717,1723],"product_tag":[],"class_list":{"0":"post-235456","1":"product","2":"type-product","3":"status-publish","4":"has-post-thumbnail","6":"product_cat-de-abgasanlage","7":"product_cat-fr-catalyseur-filtre-a-particules","8":"product_cat-fr-catalyseur-filtre-a-particules-fr-catalyseur-filtre-a-particules","9":"product_cat-en-catalytic-converter-particle-filter","10":"product_cat-en-catalytic-converter-particle-filter-en-catalytic-converter-particle-filter","11":"product_cat-en-exhaust-system","12":"product_cat-fr_ghibli","13":"product_cat-en_ghibli","14":"product_cat-de_ghibli","15":"product_cat-de-katalysator-partikelfilter","16":"product_cat-de-katalysator-partikelfilter-de-katalysator-partikelfilter","17":"product_cat-fr_maserati","18":"product_cat-en_maserati","19":"product_cat-de_maserati","20":"product_cat-de-s-q4-de_ghibli-de_maserati-manufacturer-8","21":"product_cat-de-s-q4-de_ghibli-de_maserati-manufacturer-30","22":"product_cat-fr-systeme-dechappement","23":"product_cat-en-zamrt57b001101163","24":"product_cat-de-zamrt57b001101163","25":"product_cat-fr-zamrt57b001101163","26":"product_shipping_class-tarif-2","27":"entry","29":"first","30":"instock","31":"taxable","32":"shipping-taxable","33":"purchasable","34":"product-type-simple"},"jetpack_sharing_enabled":true,"_links":{"self":[{"href":"https:\/\/occasions-teile.ch\/en\/wp-json\/wp\/v2\/product\/235456","targetHints":{"allow":["GET"]}}],"collection":[{"href":"https:\/\/occasions-teile.ch\/en\/wp-json\/wp\/v2\/product"}],"about":[{"href":"https:\/\/occasions-teile.ch\/en\/wp-json\/wp\/v2\/types\/product"}],"wp:featuredmedia":[{"embeddable":true,"href":"https:\/\/occasions-teile.ch\/en\/wp-json\/wp\/v2\/media\/235453"}],"wp:attachment":[{"href":"https:\/\/occasions-teile.ch\/en\/wp-json\/wp\/v2\/media?parent=235456"}],"wp:term":[{"taxonomy":"product_brand","embeddable":true,"href":"https:\/\/occasions-teile.ch\/en\/wp-json\/wp\/v2\/product_brand?post=235456"},{"taxonomy":"product_cat","embeddable":true,"href":"https:\/\/occasions-teile.ch\/en\/wp-json\/wp\/v2\/product_cat?post=235456"},{"taxonomy":"product_tag","embeddable":true,"href":"https:\/\/occasions-teile.ch\/en\/wp-json\/wp\/v2\/product_tag?post=235456"}],"curies":[{"name":"wp","href":"https:\/\/api.w.org\/{rel}","templated":true}]}}