{"id":234268,"date":"2023-11-22T13:57:34","date_gmt":"2023-11-22T13:57:34","guid":{"rendered":"https:\/\/occasions-teile.ch\/product\/audi-q5-alufelgen-3\/"},"modified":"2024-05-29T03:15:21","modified_gmt":"2024-05-29T03:15:21","slug":"audi-q5-alufelgen-3","status":"publish","type":"product","link":"https:\/\/occasions-teile.ch\/en\/produkt\/audi-q5-alufelgen-3\/","title":{"rendered":"Audi Q5  Alufelgen"},"content":{"rendered":"<p><span><b>Technische Daten<\/b><\/p>\n<p> Fahrzeug: Audi Q5<br \/>\n Chassis Nr.: WAUZZZ8R2AA068670<br \/>\n Baujahr: 2010<br \/>\n Kilometer: 138624 KM<br \/>\n Leistung: 240 KW<br \/>\n Hubraum: 2967 ccm<br \/>\n Typ: 1AC556<br \/>\n Farbcode: blau<br \/>\n Hinweise: Achtung gebrauch Spuren (Kratzer) Vorhanden !!!<br \/>\n8,0&#215;18 ET39<\/p>\n<p> Versand: Versand nur in der Schweiz m\u00f6glich.Im Ausland ist der Transport k\u00e4uferseits.<br \/>\n Garantie: 3 Monate Garantie. Bitte beachten Sie, dass die Gew\u00e4hrleistung nur g\u00fcltig ist, wenn der Ersatzteileinbau durch eine Fachwerkstatt\/Meisterwerkstatt erfolgt. Das Ein- und Ausbau des Ersatzteiles kann nicht an uns verrechnet werden. <\/p>\n<p> Ersatzteil: f\u00fcr andere Fahrzeugen (Marken) verf\u00fcgbar auf anfrage. Tel.041 980 27 47. Mobil. 076 589 27 47<\/p>\n<p> Kontakt<br \/>\n  Adresse: Autoverwertung Brun AG<br \/>\n           M\u00f6\u00f6slimatten 13<br \/>\n           6218 Ettiswil<br \/>\n  Telefon: 0041 (041) 980 27 47<br \/>\n  Telefax: 0041 (041) 980 03 47<\/p>\n<p> Wir bieten Ihnen weitere gebrauchte Autoteile zum Kauf an.<br \/>\n<\/span><\/p>\n","protected":false},"excerpt":{"rendered":"<p>Technische Daten Fahrzeug: Audi Q5 Chassis Nr.: WAUZZZ8R2AA068670 Baujahr: 2010 Kilometer: 138624 KM Leistung: 240 KW Hubraum: 2967 ccm Typ: 1AC556 Farbcode: blau Hinweise: Achtung gebrauch Spuren (Kratzer) Vorhanden !!! 8,0&#215;18 ET39 Versand: Versand nur in der Schweiz m\u00f6glich.Im Ausland ist der Transport k\u00e4uferseits. Garantie: 3 Monate Garantie. Bitte beachten Sie, dass die Gew\u00e4hrleistung nur&hellip; <a class=\"more-link\" href=\"https:\/\/occasions-teile.ch\/en\/produkt\/audi-q5-alufelgen-3\/\">Continue reading <span class=\"screen-reader-text\">Audi Q5  Alufelgen<\/span><\/a><\/p>\n","protected":false},"featured_media":234265,"template":"","meta":[],"product_brand":[],"product_cat":[1176,458,461,464,1175,1787,1786,1661,1663,1665,7546,23810,550,556,1784,1785,1736,1737,1735,553],"product_tag":[],"class_list":{"0":"post-234268","1":"product","2":"type-product","3":"status-publish","4":"has-post-thumbnail","6":"product_cat-de-alufelgen-felgensatz","7":"product_cat-de_audi","8":"product_cat-en_audi","9":"product_cat-fr_audi","10":"product_cat-de-felgensatz","11":"product_cat-fr-jeu-de-jantes-fr-jeu-de-jantes","12":"product_cat-fr-jeu-de-jantes","13":"product_cat-de_q5","14":"product_cat-en_q5","15":"product_cat-fr_q5","16":"product_cat-de-q5-3-0tdi-de_q5-de_audi-manufacturer-29","17":"product_cat-de-q5-3-0tdi-de_q5-de_audi-manufacturer-42","18":"product_cat-de-raeder-reifen-felgen","19":"product_cat-fr-roues-pneus-jantes","20":"product_cat-en-set-of-rims-en-wheels-tires-rims","21":"product_cat-en-set-of-rims-en-set-of-rims-en-wheels-tires-rims","22":"product_cat-en-wauzzz8r2aa068670","23":"product_cat-fr-wauzzz8r2aa068670","24":"product_cat-de-wauzzz8r2aa068670","25":"product_cat-en-wheels-tires-rims","26":"product_shipping_class-tarif-2","27":"entry","29":"first","30":"instock","31":"taxable","32":"shipping-taxable","33":"purchasable","34":"product-type-simple"},"jetpack_sharing_enabled":true,"_links":{"self":[{"href":"https:\/\/occasions-teile.ch\/en\/wp-json\/wp\/v2\/product\/234268","targetHints":{"allow":["GET"]}}],"collection":[{"href":"https:\/\/occasions-teile.ch\/en\/wp-json\/wp\/v2\/product"}],"about":[{"href":"https:\/\/occasions-teile.ch\/en\/wp-json\/wp\/v2\/types\/product"}],"wp:featuredmedia":[{"embeddable":true,"href":"https:\/\/occasions-teile.ch\/en\/wp-json\/wp\/v2\/media\/234265"}],"wp:attachment":[{"href":"https:\/\/occasions-teile.ch\/en\/wp-json\/wp\/v2\/media?parent=234268"}],"wp:term":[{"taxonomy":"product_brand","embeddable":true,"href":"https:\/\/occasions-teile.ch\/en\/wp-json\/wp\/v2\/product_brand?post=234268"},{"taxonomy":"product_cat","embeddable":true,"href":"https:\/\/occasions-teile.ch\/en\/wp-json\/wp\/v2\/product_cat?post=234268"},{"taxonomy":"product_tag","embeddable":true,"href":"https:\/\/occasions-teile.ch\/en\/wp-json\/wp\/v2\/product_tag?post=234268"}],"curies":[{"name":"wp","href":"https:\/\/api.w.org\/{rel}","templated":true}]}}