{"id":2337,"date":"2023-03-10T16:47:02","date_gmt":"2023-03-10T16:47:02","guid":{"rendered":"https:\/\/occasions-teile.ch\/product\/peugeot-208-stahlfelgen\/"},"modified":"2024-05-28T03:40:57","modified_gmt":"2024-05-28T03:40:57","slug":"peugeot-208-stahlfelgen","status":"publish","type":"product","link":"https:\/\/occasions-teile.ch\/en\/produkt\/peugeot-208-stahlfelgen\/","title":{"rendered":"Peugeot 208  Stahlfelgen"},"content":{"rendered":"<p><span><b>Technische Daten<\/b><\/p>\n<p> Fahrzeug: Peugeot 208<br \/>\n Chassis Nr.: VF3CC8HP0DT155713<br \/>\n Baujahr: 2014<br \/>\n Kilometer: 81195 KM<br \/>\n Leistung: 68 KW<br \/>\n Hubraum: 1398 ccm<br \/>\n Typ: 1PB408<br \/>\n Farbcode: &#8211;<br \/>\n Hinweise: 6J15 IS23<br \/>\n3x am Lager Reiffen zu ersetzen.<\/p>\n<p> Versand: Versand nur in der Schweiz m\u00f6glich.Im Ausland ist der Transport k\u00e4uferseits.<br \/>\n Garantie: 3 Monate Garantie. Bitte beachten Sie, dass die Gew\u00e4hrleistung nur g\u00fcltig ist, wenn der Ersatzteileinbau durch eine Fachwerkstatt\/Meisterwerkstatt erfolgt. Das Ein- und Ausbau des Ersatzteiles kann nicht an uns verrechnet werden. <\/p>\n<p> Ersatzteil: f\u00fcr andere Fahrzeugen (Marken) verf\u00fcgbar auf anfrage. Tel.041 980 27 47. Mobil. 076 589 27 47<\/p>\n<p> Kontakt<br \/>\n  Adresse: Autoverwertung Brun AG<br \/>\n           M\u00f6\u00f6slimatten 13<br \/>\n           6218 Ettiswil<br \/>\n  Telefon: 0041 (041) 980 27 47<br \/>\n  Telefax: 0041 (041) 980 03 47<\/p>\n<p> Wir bieten Ihnen weitere gebrauchte Autoteile zum Kauf an.<br \/>\n<\/span><\/p>\n","protected":false},"excerpt":{"rendered":"<p>Technische Daten Fahrzeug: Peugeot 208 Chassis Nr.: VF3CC8HP0DT155713 Baujahr: 2014 Kilometer: 81195 KM Leistung: 68 KW Hubraum: 1398 ccm Typ: 1PB408 Farbcode: &#8211; Hinweise: 6J15 IS23 3x am Lager Reiffen zu ersetzen. Versand: Versand nur in der Schweiz m\u00f6glich.Im Ausland ist der Transport k\u00e4uferseits. Garantie: 3 Monate Garantie. Bitte beachten Sie, dass die Gew\u00e4hrleistung nur&hellip; <a class=\"more-link\" href=\"https:\/\/occasions-teile.ch\/en\/produkt\/peugeot-208-stahlfelgen\/\">Continue reading <span class=\"screen-reader-text\">Peugeot 208  Stahlfelgen<\/span><\/a><\/p>\n","protected":false},"featured_media":2328,"template":"","meta":[],"product_brand":[],"product_cat":[1185,23738,1109,1184,550,1195,1183],"product_tag":[],"class_list":{"0":"post-2337","1":"product","2":"type-product","3":"status-publish","4":"has-post-thumbnail","6":"product_cat-de_208","7":"product_cat-de-ca-cc-1-4-hdi-de_208-de_peugeot-manufacturer-23","8":"product_cat-de-felgeneinzeln","9":"product_cat-de_peugeot","10":"product_cat-de-raeder-reifen-felgen","11":"product_cat-de-stahlfelgen","12":"product_cat-de-vf3cc8hp0dt155713","13":"product_shipping_class-tarif-2","14":"entry","16":"first","17":"instock","18":"taxable","19":"shipping-taxable","20":"purchasable","21":"product-type-simple"},"jetpack_sharing_enabled":true,"_links":{"self":[{"href":"https:\/\/occasions-teile.ch\/en\/wp-json\/wp\/v2\/product\/2337","targetHints":{"allow":["GET"]}}],"collection":[{"href":"https:\/\/occasions-teile.ch\/en\/wp-json\/wp\/v2\/product"}],"about":[{"href":"https:\/\/occasions-teile.ch\/en\/wp-json\/wp\/v2\/types\/product"}],"wp:featuredmedia":[{"embeddable":true,"href":"https:\/\/occasions-teile.ch\/en\/wp-json\/wp\/v2\/media\/2328"}],"wp:attachment":[{"href":"https:\/\/occasions-teile.ch\/en\/wp-json\/wp\/v2\/media?parent=2337"}],"wp:term":[{"taxonomy":"product_brand","embeddable":true,"href":"https:\/\/occasions-teile.ch\/en\/wp-json\/wp\/v2\/product_brand?post=2337"},{"taxonomy":"product_cat","embeddable":true,"href":"https:\/\/occasions-teile.ch\/en\/wp-json\/wp\/v2\/product_cat?post=2337"},{"taxonomy":"product_tag","embeddable":true,"href":"https:\/\/occasions-teile.ch\/en\/wp-json\/wp\/v2\/product_tag?post=2337"}],"curies":[{"name":"wp","href":"https:\/\/api.w.org\/{rel}","templated":true}]}}