{"id":233176,"date":"2023-11-18T08:07:47","date_gmt":"2023-11-18T08:07:47","guid":{"rendered":"https:\/\/occasions-teile.ch\/product\/alfa-romeo-giulietta-lenkgetriebe\/"},"modified":"2024-05-27T18:30:24","modified_gmt":"2024-05-27T18:30:24","slug":"alfa-romeo-giulietta-lenkgetriebe","status":"publish","type":"product","link":"https:\/\/occasions-teile.ch\/en\/produkt\/alfa-romeo-giulietta-lenkgetriebe\/","title":{"rendered":"Alfa Romeo Giulietta  Lenkgetriebe"},"content":{"rendered":"<p><span><b>Technische Daten<\/b><\/p>\n<p> Fahrzeug: Alfa Romeo Giulietta<br \/>\n Chassis Nr.: ZAR94000007038303<br \/>\n Baujahr: 2010<br \/>\n Kilometer: 84645 KM<br \/>\n Leistung: 170 KW<br \/>\n Hubraum: 1368 ccm<br \/>\n Typ: 1AA455<br \/>\n Farbcode: blau<br \/>\n Hinweise: Achtung Spurstange rechts muss ersetzt werden !!!!!<\/p>\n<p> Versand: Versand nur in der Schweiz m\u00f6glich.Im Ausland ist der Transport k\u00e4uferseits.<br \/>\n Garantie: 3 Monate Garantie. Bitte beachten Sie, dass die Gew\u00e4hrleistung nur g\u00fcltig ist, wenn der Ersatzteileinbau durch eine Fachwerkstatt\/Meisterwerkstatt erfolgt. Das Ein- und Ausbau des Ersatzteiles kann nicht an uns verrechnet werden. <\/p>\n<p> Ersatzteil: f\u00fcr andere Fahrzeugen (Marken) verf\u00fcgbar auf anfrage. Tel.041 980 27 47. Mobil. 076 589 27 47<\/p>\n<p> Kontakt<br \/>\n  Adresse: Autoverwertung Brun AG<br \/>\n           M\u00f6\u00f6slimatten 13<br \/>\n           6218 Ettiswil<br \/>\n  Telefon: 0041 (041) 980 27 47<br \/>\n  Telefax: 0041 (041) 980 03 47<\/p>\n<p> Wir bieten Ihnen weitere gebrauchte Autoteile zum Kauf an.<br \/>\n<\/span><\/p>\n","protected":false},"excerpt":{"rendered":"<p>Technische Daten Fahrzeug: Alfa Romeo Giulietta Chassis Nr.: ZAR94000007038303 Baujahr: 2010 Kilometer: 84645 KM Leistung: 170 KW Hubraum: 1368 ccm Typ: 1AA455 Farbcode: blau Hinweise: Achtung Spurstange rechts muss ersetzt werden !!!!! Versand: Versand nur in der Schweiz m\u00f6glich.Im Ausland ist der Transport k\u00e4uferseits. Garantie: 3 Monate Garantie. Bitte beachten Sie, dass die Gew\u00e4hrleistung nur&hellip; <a class=\"more-link\" href=\"https:\/\/occasions-teile.ch\/en\/produkt\/alfa-romeo-giulietta-lenkgetriebe\/\">Continue reading <span class=\"screen-reader-text\">Alfa Romeo Giulietta  Lenkgetriebe<\/span><\/a><\/p>\n","protected":false},"featured_media":233170,"template":"","meta":[],"product_brand":[],"product_cat":[7427,23723,471,471,471,707,708,544,544,5925,5925,5925,707,708,708,707,544,7404,7404,7404],"product_tag":[],"class_list":{"0":"post-233176","1":"product","2":"type-product","3":"status-publish","4":"has-post-thumbnail","6":"product_cat-de-1-4-tb-de_slug_alfa-romeo_giulietta_507-de_alfa-romeo-manufacturer-18","7":"product_cat-de-1-4-tb-de_slug_alfa-romeo_giulietta_507-de_alfa-romeo-manufacturer-61","8":"product_cat-en_alfa-romeo","11":"product_cat-en-steering-gear","12":"product_cat-en-steering-gear-en-steering-gear","13":"product_cat-en-chassis-steering","15":"product_cat-en_slug_alfa-romeo_giulietta_426","23":"product_cat-en-zar94000007038303-200000240","26":"product_shipping_class-tarif-2-en","27":"entry","29":"first","30":"instock","31":"taxable","32":"shipping-taxable","33":"purchasable","34":"product-type-simple"},"jetpack_sharing_enabled":true,"_links":{"self":[{"href":"https:\/\/occasions-teile.ch\/en\/wp-json\/wp\/v2\/product\/233176","targetHints":{"allow":["GET"]}}],"collection":[{"href":"https:\/\/occasions-teile.ch\/en\/wp-json\/wp\/v2\/product"}],"about":[{"href":"https:\/\/occasions-teile.ch\/en\/wp-json\/wp\/v2\/types\/product"}],"wp:featuredmedia":[{"embeddable":true,"href":"https:\/\/occasions-teile.ch\/en\/wp-json\/wp\/v2\/media\/233170"}],"wp:attachment":[{"href":"https:\/\/occasions-teile.ch\/en\/wp-json\/wp\/v2\/media?parent=233176"}],"wp:term":[{"taxonomy":"product_brand","embeddable":true,"href":"https:\/\/occasions-teile.ch\/en\/wp-json\/wp\/v2\/product_brand?post=233176"},{"taxonomy":"product_cat","embeddable":true,"href":"https:\/\/occasions-teile.ch\/en\/wp-json\/wp\/v2\/product_cat?post=233176"},{"taxonomy":"product_tag","embeddable":true,"href":"https:\/\/occasions-teile.ch\/en\/wp-json\/wp\/v2\/product_tag?post=233176"}],"curies":[{"name":"wp","href":"https:\/\/api.w.org\/{rel}","templated":true}]}}