{"id":232879,"date":"2023-11-17T08:15:58","date_gmt":"2023-11-17T08:15:58","guid":{"rendered":"https:\/\/occasions-teile.ch\/product\/bmw-x-serien-x1-alufelgen\/"},"modified":"2024-05-27T17:18:20","modified_gmt":"2024-05-27T17:18:20","slug":"bmw-x-serien-x1-alufelgen","status":"publish","type":"product","link":"https:\/\/occasions-teile.ch\/en\/produkt\/bmw-x-serien-x1-alufelgen\/","title":{"rendered":"BMW X-serien X1 Alufelgen"},"content":{"rendered":"<p><span><b>Technische Daten<\/b><\/p>\n<p> Fahrzeug: BMW X-serien X1<br \/>\n Chassis Nr.: WBAVP71030VW68240<br \/>\n Baujahr: 2014<br \/>\n Kilometer: 123583 KM<br \/>\n Leistung: 143 KW<br \/>\n Hubraum: 1995 ccm<br \/>\n Typ: 1BC492<br \/>\n Farbcode: grau<br \/>\n Hinweise: 2x am Lager 7,5&#215;17 is34<br \/>\nAchtung Kratzer vorhanden!!<\/p>\n<p> Versand: Versand nur in der Schweiz m\u00f6glich.Im Ausland ist der Transport k\u00e4uferseits.<br \/>\n Garantie: 3 Monate Garantie. Bitte beachten Sie, dass die Gew\u00e4hrleistung nur g\u00fcltig ist, wenn der Ersatzteileinbau durch eine Fachwerkstatt\/Meisterwerkstatt erfolgt. Das Ein- und Ausbau des Ersatzteiles kann nicht an uns verrechnet werden. <\/p>\n<p> Ersatzteil: f\u00fcr andere Fahrzeugen (Marken) verf\u00fcgbar auf anfrage. Tel.041 980 27 47. Mobil. 076 589 27 47<\/p>\n<p> Kontakt<br \/>\n  Adresse: Autoverwertung Brun AG<br \/>\n           M\u00f6\u00f6slimatten 13<br \/>\n           6218 Ettiswil<br \/>\n  Telefon: 0041 (041) 980 27 47<br \/>\n  Telefax: 0041 (041) 980 03 47<\/p>\n<p> Wir bieten Ihnen weitere gebrauchte Autoteile zum Kauf an.<br \/>\n<\/span><\/p>\n","protected":false},"excerpt":{"rendered":"<p>Technische Daten Fahrzeug: BMW X-serien X1 Chassis Nr.: WBAVP71030VW68240 Baujahr: 2014 Kilometer: 123583 KM Leistung: 143 KW Hubraum: 1995 ccm Typ: 1BC492 Farbcode: grau Hinweise: 2x am Lager 7,5&#215;17 is34 Achtung Kratzer vorhanden!! Versand: Versand nur in der Schweiz m\u00f6glich.Im Ausland ist der Transport k\u00e4uferseits. Garantie: 3 Monate Garantie. Bitte beachten Sie, dass die Gew\u00e4hrleistung&hellip; <a class=\"more-link\" href=\"https:\/\/occasions-teile.ch\/en\/produkt\/bmw-x-serien-x1-alufelgen\/\">Continue reading <span class=\"screen-reader-text\">BMW X-serien X1 Alufelgen<\/span><\/a><\/p>\n","protected":false},"featured_media":232876,"template":"","meta":[],"product_brand":[],"product_cat":[23721,7391,1176,1509,1175,550,2322,2323],"product_tag":[],"class_list":{"0":"post-232879","1":"product","2":"type-product","3":"status-publish","4":"has-post-thumbnail","6":"product_cat-de-18d-xd-de_x-serien-x1-de_bmw-manufacturer-32","7":"product_cat-de-18d-xd","8":"product_cat-de-alufelgen-felgensatz","9":"product_cat-de_bmw","10":"product_cat-de-felgensatz","11":"product_cat-de-raeder-reifen-felgen","12":"product_cat-de-wbavp71030vw68240-20000202","13":"product_cat-de_x-serien-x1","14":"product_shipping_class-tarif-2","15":"entry","17":"first","18":"instock","19":"taxable","20":"shipping-taxable","21":"purchasable","22":"product-type-simple"},"jetpack_sharing_enabled":true,"_links":{"self":[{"href":"https:\/\/occasions-teile.ch\/en\/wp-json\/wp\/v2\/product\/232879","targetHints":{"allow":["GET"]}}],"collection":[{"href":"https:\/\/occasions-teile.ch\/en\/wp-json\/wp\/v2\/product"}],"about":[{"href":"https:\/\/occasions-teile.ch\/en\/wp-json\/wp\/v2\/types\/product"}],"wp:featuredmedia":[{"embeddable":true,"href":"https:\/\/occasions-teile.ch\/en\/wp-json\/wp\/v2\/media\/232876"}],"wp:attachment":[{"href":"https:\/\/occasions-teile.ch\/en\/wp-json\/wp\/v2\/media?parent=232879"}],"wp:term":[{"taxonomy":"product_brand","embeddable":true,"href":"https:\/\/occasions-teile.ch\/en\/wp-json\/wp\/v2\/product_brand?post=232879"},{"taxonomy":"product_cat","embeddable":true,"href":"https:\/\/occasions-teile.ch\/en\/wp-json\/wp\/v2\/product_cat?post=232879"},{"taxonomy":"product_tag","embeddable":true,"href":"https:\/\/occasions-teile.ch\/en\/wp-json\/wp\/v2\/product_tag?post=232879"}],"curies":[{"name":"wp","href":"https:\/\/api.w.org\/{rel}","templated":true}]}}