{"id":23276,"date":"2023-05-02T11:05:54","date_gmt":"2023-05-02T11:05:54","guid":{"rendered":"https:\/\/occasions-teile.ch\/product\/opel-zafira-rueckbank-sitzbank-2\/"},"modified":"2024-05-27T05:19:51","modified_gmt":"2024-05-27T05:19:51","slug":"opel-zafira-rueckbank-sitzbank-2","status":"publish","type":"product","link":"https:\/\/occasions-teile.ch\/en\/produkt\/opel-zafira-rueckbank-sitzbank-2\/","title":{"rendered":"Opel Zafira  R\u00fcckbank Sitzbank"},"content":{"rendered":"<p><span><b>Technische Daten<\/b><\/p>\n<p> Fahrzeug: Opel Zafira<br \/>\n Chassis Nr.: W0LPE9EN8E2054729<br \/>\n Baujahr: 2014<br \/>\n Kilometer: 152315 KM<br \/>\n Leistung: 165 KW<br \/>\n Hubraum: 1956 ccm<br \/>\n Typ: 1ob627<br \/>\n Farbcode: &#8211;<br \/>\n Hinweise: &#8211;<\/p>\n<p> Versand: Versand nur in der Schweiz m\u00f6glich.Im Ausland ist der Transport k\u00e4uferseits.<br \/>\n Garantie: 3 Monate Garantie. Bitte beachten Sie, dass die Gew\u00e4hrleistung nur g\u00fcltig ist, wenn der Ersatzteileinbau durch eine Fachwerkstatt\/Meisterwerkstatt erfolgt. Das Ein- und Ausbau des Ersatzteiles kann nicht an uns verrechnet werden. <\/p>\n<p> Ersatzteil: f\u00fcr andere Fahrzeugen (Marken) verf\u00fcgbar auf anfrage. Tel.041 980 27 47. Mobil. 076 589 27 47<\/p>\n<p> Kontakt<br \/>\n  Adresse: Autoverwertung Brun AG<br \/>\n           M\u00f6\u00f6slimatten 13<br \/>\n           6218 Ettiswil<br \/>\n  Telefon: 0041 (041) 980 27 47<br \/>\n  Telefax: 0041 (041) 980 03 47<\/p>\n<p> Wir bieten Ihnen weitere gebrauchte Autoteile zum Kauf an.<br \/>\n<\/span><\/p>\n","protected":false},"excerpt":{"rendered":"<p>Technische Daten Fahrzeug: Opel Zafira Chassis Nr.: W0LPE9EN8E2054729 Baujahr: 2014 Kilometer: 152315 KM Leistung: 165 KW Hubraum: 1956 ccm Typ: 1ob627 Farbcode: &#8211; Hinweise: &#8211; Versand: Versand nur in der Schweiz m\u00f6glich.Im Ausland ist der Transport k\u00e4uferseits. Garantie: 3 Monate Garantie. Bitte beachten Sie, dass die Gew\u00e4hrleistung nur g\u00fcltig ist, wenn der Ersatzteileinbau durch eine&hellip; <a class=\"more-link\" href=\"https:\/\/occasions-teile.ch\/en\/produkt\/opel-zafira-rueckbank-sitzbank-2\/\">Continue reading <span class=\"screen-reader-text\">Opel Zafira  R\u00fcckbank Sitzbank<\/span><\/a><\/p>\n","protected":false},"featured_media":23273,"template":"","meta":[],"product_brand":[],"product_cat":[1538,1539,23677,804,810,807,616,619,613,1536,1537,1535,1534,1418,1414,1416,1419,1415,1417],"product_tag":[],"class_list":{"0":"post-23276","1":"product","2":"type-product","3":"status-publish","4":"has-post-thumbnail","6":"product_cat-fr-autres","7":"product_cat-fr-banquette-arriere","8":"product_cat-de-c-20dth-de_zafira-de_opel-manufacturer-52","9":"product_cat-de-innenraum","10":"product_cat-fr-interieur","11":"product_cat-en-interior","12":"product_cat-en_opel","13":"product_cat-fr_opel","14":"product_cat-de_opel","15":"product_cat-en-other-en-interior","16":"product_cat-en-rear-bench-seat","17":"product_cat-de-rueckbank-sitzbank","18":"product_cat-de-sonstiges-de-innenraum","19":"product_cat-fr-w0lpe9en8e2054729","20":"product_cat-de-w0lpe9en8e2054729","21":"product_cat-en-w0lpe9en8e2054729","22":"product_cat-fr_zafira","23":"product_cat-de_zafira","24":"product_cat-en_zafira","25":"product_shipping_class-tarif-3","26":"entry","28":"first","29":"instock","30":"taxable","31":"shipping-taxable","32":"purchasable","33":"product-type-simple"},"jetpack_sharing_enabled":true,"_links":{"self":[{"href":"https:\/\/occasions-teile.ch\/en\/wp-json\/wp\/v2\/product\/23276","targetHints":{"allow":["GET"]}}],"collection":[{"href":"https:\/\/occasions-teile.ch\/en\/wp-json\/wp\/v2\/product"}],"about":[{"href":"https:\/\/occasions-teile.ch\/en\/wp-json\/wp\/v2\/types\/product"}],"wp:featuredmedia":[{"embeddable":true,"href":"https:\/\/occasions-teile.ch\/en\/wp-json\/wp\/v2\/media\/23273"}],"wp:attachment":[{"href":"https:\/\/occasions-teile.ch\/en\/wp-json\/wp\/v2\/media?parent=23276"}],"wp:term":[{"taxonomy":"product_brand","embeddable":true,"href":"https:\/\/occasions-teile.ch\/en\/wp-json\/wp\/v2\/product_brand?post=23276"},{"taxonomy":"product_cat","embeddable":true,"href":"https:\/\/occasions-teile.ch\/en\/wp-json\/wp\/v2\/product_cat?post=23276"},{"taxonomy":"product_tag","embeddable":true,"href":"https:\/\/occasions-teile.ch\/en\/wp-json\/wp\/v2\/product_tag?post=23276"}],"curies":[{"name":"wp","href":"https:\/\/api.w.org\/{rel}","templated":true}]}}