{"id":228154,"date":"2023-11-10T15:33:49","date_gmt":"2023-11-10T15:33:49","guid":{"rendered":"https:\/\/occasions-teile.ch\/product\/rueckleuchte-hinten-links-innen-vw-golf-7-1-4tsi-2013-2\/"},"modified":"2023-11-10T15:33:49","modified_gmt":"2023-11-10T15:33:49","slug":"rueckleuchte-hinten-links-innen-vw-golf-7-1-4tsi-2013-2","status":"publish","type":"product","link":"https:\/\/occasions-teile.ch\/en\/produkt\/rueckleuchte-hinten-links-innen-vw-golf-7-1-4tsi-2013-2\/","title":{"rendered":"R\u00fcckleuchte Hinten Links Innen VW Golf 7 1.4TSI 2013"},"content":{"rendered":"<p>Technische Daten<\/p>\n<p>Ersatzteil:  f\u00fcr andere Fahrzeugen (Marken) verf\u00fcgbar auf anfrage. Tel.041 980 27 47.  Mobil. 076 589 27 47<br \/>\nCode: Lack:LC9A   Motor:CXSA Getriebe:MYF<\/p>\n<p>Fahrzeug:  VW Golf 7 1.4TSI 5Limo<br \/>\nBaujahr:     09.10.2013<br \/>\nKilometer:  38075 Km<br \/>\nLeistung:    90 KW   122 PS<br \/>\nHubraum:  1395 ccm<br \/>\nTyp:           1XF753<br \/>\nHinweise: Das Ersatzteil wurde gepr\u00fcft und ist selbstverst\u00e4ndlich voll funktionst\u00fcchtig!<\/p>\n<p>Versand: Versand nur in der Schweiz m\u00f6glich. Im Ausland ist der Transport k\u00e4uferseits.<br \/>\nGarantie: 3 Monate Garantie. Bitte beachten Sie, dass die Gew\u00e4hrleistung nur g\u00fcltig ist, wenn der Ersatzteileinbau durch eine Fachwerkstatt\/Meisterwerkstatt erfolgt. Das Ein- und Ausbau des Ersatzteiles kann nicht an uns verrechnet werden. <\/p>\n<p>Kontakt<br \/>\nAdresse: Autoverwertung Brun AG<br \/>\nM\u00f6\u00f6slimatten 13<br \/>\n6218 Ettiswil<br \/>\nTelefon: 0041 (041) 980 27 47<br \/>\nTelefax: 0041 (041) 980 03 47<\/p>\n<p>Wir bieten Ihnen weitere gebrauchte Autoteile zum Kauf an.<\/p>\n","protected":false},"excerpt":{"rendered":"<p>Technische Daten Ersatzteil: f\u00fcr andere Fahrzeugen (Marken) verf\u00fcgbar auf anfrage. Tel.041 980 27 47. Mobil. 076 589 27 47 Code: Lack:LC9A Motor:CXSA Getriebe:MYF Fahrzeug: VW Golf 7 1.4TSI 5Limo Baujahr: 09.10.2013 Kilometer: 38075 Km Leistung: 90 KW 122 PS Hubraum: 1395 ccm Typ: 1XF753 Hinweise: Das Ersatzteil wurde gepr\u00fcft und ist selbstverst\u00e4ndlich voll funktionst\u00fcchtig! Versand:&hellip; <a class=\"more-link\" href=\"https:\/\/occasions-teile.ch\/en\/produkt\/rueckleuchte-hinten-links-innen-vw-golf-7-1-4tsi-2013-2\/\">Continue reading <span class=\"screen-reader-text\">R\u00fcckleuchte Hinten Links Innen VW Golf 7 1.4TSI 2013<\/span><\/a><\/p>\n","protected":false},"featured_media":228151,"template":"","meta":[],"product_brand":[],"product_cat":[1281,521,1121,1122,1280],"product_tag":[],"class_list":{"0":"post-228154","1":"product","2":"type-product","3":"status-publish","4":"has-post-thumbnail","6":"product_cat-de_golf","7":"product_cat-de-karosserie-heck","8":"product_cat-de-rueckleuchte","9":"product_cat-de-rueckleuchte-links","10":"product_cat-de_volkswagen","11":"product_shipping_class-tarif-1","12":"entry","14":"first","15":"instock","16":"sold-individually","17":"taxable","18":"shipping-taxable","19":"purchasable","20":"product-type-simple"},"jetpack_sharing_enabled":true,"_links":{"self":[{"href":"https:\/\/occasions-teile.ch\/en\/wp-json\/wp\/v2\/product\/228154","targetHints":{"allow":["GET"]}}],"collection":[{"href":"https:\/\/occasions-teile.ch\/en\/wp-json\/wp\/v2\/product"}],"about":[{"href":"https:\/\/occasions-teile.ch\/en\/wp-json\/wp\/v2\/types\/product"}],"wp:featuredmedia":[{"embeddable":true,"href":"https:\/\/occasions-teile.ch\/en\/wp-json\/wp\/v2\/media\/228151"}],"wp:attachment":[{"href":"https:\/\/occasions-teile.ch\/en\/wp-json\/wp\/v2\/media?parent=228154"}],"wp:term":[{"taxonomy":"product_brand","embeddable":true,"href":"https:\/\/occasions-teile.ch\/en\/wp-json\/wp\/v2\/product_brand?post=228154"},{"taxonomy":"product_cat","embeddable":true,"href":"https:\/\/occasions-teile.ch\/en\/wp-json\/wp\/v2\/product_cat?post=228154"},{"taxonomy":"product_tag","embeddable":true,"href":"https:\/\/occasions-teile.ch\/en\/wp-json\/wp\/v2\/product_tag?post=228154"}],"curies":[{"name":"wp","href":"https:\/\/api.w.org\/{rel}","templated":true}]}}