{"id":220015,"date":"2023-11-09T20:16:57","date_gmt":"2023-11-09T20:16:57","guid":{"rendered":"https:\/\/occasions-teile.ch\/product\/6r0407761a-antriebswelle-vorne-links-vw-polo-1-2tdi-2011\/"},"modified":"2023-11-09T20:16:57","modified_gmt":"2023-11-09T20:16:57","slug":"6r0407761a-antriebswelle-vorne-links-vw-polo-1-2tdi-2011","status":"publish","type":"product","link":"https:\/\/occasions-teile.ch\/en\/produkt\/6r0407761a-antriebswelle-vorne-links-vw-polo-1-2tdi-2011\/","title":{"rendered":"6R0407761A Antriebswelle vorne links VW polo 1.2TDI 2011"},"content":{"rendered":"<p>Technische Daten<\/p>\n<p>Fahrzeug: VW Polo 1.2TDI<br \/>\nChassis Nr.: WVWZZZ6RZBY268084<br \/>\nBaujahr: 2011<br \/>\nKilometer: 80000 KM<br \/>\nLeistung: 55 KW 75 PS<br \/>\nHubraum: 1200 ccm<br \/>\nTyp:<br \/>\nFarbcode:<br \/>\nHinweise: Das Ersatzteil wurde gepr\u00fcft und ist selbstverst\u00e4ndlich voll funktionst\u00fcchtig!<\/p>\n<p>Versand: Versand nur in der Schweiz m\u00f6glich. Im Ausland ist der Transport k\u00e4uferseits.<br \/>\nGarantie: 3 Monate Garantie. Bitte beachten Sie, dass die Gew\u00e4hrleistung nur g\u00fcltig ist, wenn der Ersatzteileinbau durch eine Fachwerkstatt\/Meisterwerkstatt erfolgt. Das Ein- und Ausbau des Ersatzteiles kann nicht an uns verrechnet werden.<\/p>\n<p>Ersatzteil: f\u00fcr andere Fahrzeugen (Marken) verf\u00fcgbar auf anfrage. Tel.041 980 27 47. Mobil. 076 589 27 47<\/p>\n<p>Kontakt<br \/>\nAdresse: Autoverwertung Brun AG<br \/>\nM\u00f6\u00f6slimatten 13<br \/>\n6218 Ettiswil<br \/>\nTelefon: 0041 (041) 980 27 47<br \/>\nTelefax: 0041 (041) 980 03 47<\/p>\n<p>Wir bieten Ihnen weitere gebrauchte Autoteile zum Kauf an.<\/p>\n","protected":false},"excerpt":{"rendered":"<p>Technische Daten Fahrzeug: VW Polo 1.2TDI Chassis Nr.: WVWZZZ6RZBY268084 Baujahr: 2011 Kilometer: 80000 KM Leistung: 55 KW 75 PS Hubraum: 1200 ccm Typ: Farbcode: Hinweise: Das Ersatzteil wurde gepr\u00fcft und ist selbstverst\u00e4ndlich voll funktionst\u00fcchtig! Versand: Versand nur in der Schweiz m\u00f6glich. Im Ausland ist der Transport k\u00e4uferseits. Garantie: 3 Monate Garantie. Bitte beachten Sie, dass&hellip; <a class=\"more-link\" href=\"https:\/\/occasions-teile.ch\/en\/produkt\/6r0407761a-antriebswelle-vorne-links-vw-polo-1-2tdi-2011\/\">Continue reading <span class=\"screen-reader-text\">6R0407761A Antriebswelle vorne links VW polo 1.2TDI 2011<\/span><\/a><\/p>\n","protected":false},"featured_media":220009,"template":"","meta":[],"product_brand":[],"product_cat":[1089,783,648,1634,1280],"product_tag":[],"class_list":{"0":"post-220015","1":"product","2":"type-product","3":"status-publish","4":"has-post-thumbnail","6":"product_cat-de-antriebswelle-hinten-links","7":"product_cat-de-antriebswellen","8":"product_cat-de-getriebe-antrieb","9":"product_cat-de_polo","10":"product_cat-de_volkswagen","11":"product_shipping_class-tarif-2","12":"entry","14":"first","15":"instock","16":"sold-individually","17":"taxable","18":"shipping-taxable","19":"purchasable","20":"product-type-simple"},"jetpack_sharing_enabled":true,"_links":{"self":[{"href":"https:\/\/occasions-teile.ch\/en\/wp-json\/wp\/v2\/product\/220015","targetHints":{"allow":["GET"]}}],"collection":[{"href":"https:\/\/occasions-teile.ch\/en\/wp-json\/wp\/v2\/product"}],"about":[{"href":"https:\/\/occasions-teile.ch\/en\/wp-json\/wp\/v2\/types\/product"}],"wp:featuredmedia":[{"embeddable":true,"href":"https:\/\/occasions-teile.ch\/en\/wp-json\/wp\/v2\/media\/220009"}],"wp:attachment":[{"href":"https:\/\/occasions-teile.ch\/en\/wp-json\/wp\/v2\/media?parent=220015"}],"wp:term":[{"taxonomy":"product_brand","embeddable":true,"href":"https:\/\/occasions-teile.ch\/en\/wp-json\/wp\/v2\/product_brand?post=220015"},{"taxonomy":"product_cat","embeddable":true,"href":"https:\/\/occasions-teile.ch\/en\/wp-json\/wp\/v2\/product_cat?post=220015"},{"taxonomy":"product_tag","embeddable":true,"href":"https:\/\/occasions-teile.ch\/en\/wp-json\/wp\/v2\/product_tag?post=220015"}],"curies":[{"name":"wp","href":"https:\/\/api.w.org\/{rel}","templated":true}]}}