{"id":211872,"date":"2023-11-08T18:05:48","date_gmt":"2023-11-08T18:05:48","guid":{"rendered":"https:\/\/occasions-teile.ch\/product\/6r0407761k-antriebswelle-vorne-links-skoda-fabia-1-2tsi\/"},"modified":"2023-11-08T18:05:48","modified_gmt":"2023-11-08T18:05:48","slug":"6r0407761k-antriebswelle-vorne-links-skoda-fabia-1-2tsi","status":"publish","type":"product","link":"https:\/\/occasions-teile.ch\/en\/produkt\/6r0407761k-antriebswelle-vorne-links-skoda-fabia-1-2tsi\/","title":{"rendered":"6R0407761K Antriebswelle Vorne Links Skoda Fabia 1.2TSI"},"content":{"rendered":"<p>Technische Daten<\/p>\n<p>Fahrzeug: Skoda Fabia 1.2TSI<br \/>\nChassis Nr.: TMBEN6NJ3GZ139590<br \/>\nBaujahr: 24.03.2016<br \/>\nKilometer: 72498 KM<br \/>\nLeistung: 81 KW 110 PS<br \/>\nHubraum: 1197 ccm<br \/>\nTyp: 1SF974<br \/>\nFarbcode: LF5W Blau<br \/>\nHinweise: Das Ersatzteil wurde gepr\u00fcft und ist selbstverst\u00e4ndlich voll funktionst\u00fcchtig!<\/p>\n<p>Versand: Versand nur in der Schweiz m\u00f6glich. Im Ausland ist der Transport k\u00e4uferseits.<br \/>\nGarantie: 3 Monate Garantie. Bitte beachten Sie, dass die Gew\u00e4hrleistung nur g\u00fcltig ist, wenn der Ersatzteileinbau durch eine Fachwerkstatt\/Meisterwerkstatt erfolgt. Das Ein- und Ausbau des Ersatzteiles kann nicht an uns verrechnet werden. <\/p>\n<p>Ersatzteil: f\u00fcr andere Fahrzeugen (Marken) verf\u00fcgbar auf anfrage. Tel.041 980 27 47. Mobil. 076 589 27 47<\/p>\n<p>Kontakt<br \/>\nAdresse: Autoverwertung Brun AG<br \/>\nM\u00f6\u00f6slimatten 13<br \/>\n6218 Ettiswil<br \/>\nTelefon: 0041 (041) 980 27 47<br \/>\nTelefax: 0041 (041) 980 03 47<\/p>\n<p>Wir bieten Ihnen weitere gebrauchte Autoteile zum Kauf an.<\/p>\n","protected":false},"excerpt":{"rendered":"<p>Technische Daten Fahrzeug: Skoda Fabia 1.2TSI Chassis Nr.: TMBEN6NJ3GZ139590 Baujahr: 24.03.2016 Kilometer: 72498 KM Leistung: 81 KW 110 PS Hubraum: 1197 ccm Typ: 1SF974 Farbcode: LF5W Blau Hinweise: Das Ersatzteil wurde gepr\u00fcft und ist selbstverst\u00e4ndlich voll funktionst\u00fcchtig! Versand: Versand nur in der Schweiz m\u00f6glich. Im Ausland ist der Transport k\u00e4uferseits. Garantie: 3 Monate Garantie. Bitte&hellip; <a class=\"more-link\" href=\"https:\/\/occasions-teile.ch\/en\/produkt\/6r0407761k-antriebswelle-vorne-links-skoda-fabia-1-2tsi\/\">Continue reading <span class=\"screen-reader-text\">6R0407761K Antriebswelle Vorne Links Skoda Fabia 1.2TSI<\/span><\/a><\/p>\n","protected":false},"featured_media":211866,"template":"","meta":[],"product_brand":[],"product_cat":[1089,783,3062,648,1463],"product_tag":[],"class_list":{"0":"post-211872","1":"product","2":"type-product","3":"status-publish","4":"has-post-thumbnail","6":"product_cat-de-antriebswelle-hinten-links","7":"product_cat-de-antriebswellen","8":"product_cat-de_fabia","9":"product_cat-de-getriebe-antrieb","10":"product_cat-de_skoda","11":"product_shipping_class-tarif-2","12":"entry","14":"first","15":"instock","16":"sold-individually","17":"taxable","18":"shipping-taxable","19":"purchasable","20":"product-type-simple"},"jetpack_sharing_enabled":true,"_links":{"self":[{"href":"https:\/\/occasions-teile.ch\/en\/wp-json\/wp\/v2\/product\/211872","targetHints":{"allow":["GET"]}}],"collection":[{"href":"https:\/\/occasions-teile.ch\/en\/wp-json\/wp\/v2\/product"}],"about":[{"href":"https:\/\/occasions-teile.ch\/en\/wp-json\/wp\/v2\/types\/product"}],"wp:featuredmedia":[{"embeddable":true,"href":"https:\/\/occasions-teile.ch\/en\/wp-json\/wp\/v2\/media\/211866"}],"wp:attachment":[{"href":"https:\/\/occasions-teile.ch\/en\/wp-json\/wp\/v2\/media?parent=211872"}],"wp:term":[{"taxonomy":"product_brand","embeddable":true,"href":"https:\/\/occasions-teile.ch\/en\/wp-json\/wp\/v2\/product_brand?post=211872"},{"taxonomy":"product_cat","embeddable":true,"href":"https:\/\/occasions-teile.ch\/en\/wp-json\/wp\/v2\/product_cat?post=211872"},{"taxonomy":"product_tag","embeddable":true,"href":"https:\/\/occasions-teile.ch\/en\/wp-json\/wp\/v2\/product_tag?post=211872"}],"curies":[{"name":"wp","href":"https:\/\/api.w.org\/{rel}","templated":true}]}}