{"id":204735,"date":"2023-11-08T09:28:51","date_gmt":"2023-11-08T09:28:51","guid":{"rendered":"https:\/\/occasions-teile.ch\/product\/1347768080-dieselpumpe-citroen-jumper-2-2hdi\/"},"modified":"2023-11-08T09:28:51","modified_gmt":"2023-11-08T09:28:51","slug":"1347768080-dieselpumpe-citroen-jumper-2-2hdi","status":"publish","type":"product","link":"https:\/\/occasions-teile.ch\/en\/produkt\/1347768080-dieselpumpe-citroen-jumper-2-2hdi\/","title":{"rendered":"1347768080 Dieselpumpe Citroen Jumper 2.2HDI"},"content":{"rendered":"<p>Technische Daten<\/p>\n<p>Fahrzeug: Citroen Jumper 2.2HDI<br \/>\nChassis Nr.: VF7YABMFB12023503<br \/>\nBaujahr: 2011<br \/>\nKilometer: nicht bekannt Ca:153000<br \/>\nLeistung: 88 KW 120 PS<br \/>\nHubraum: 2198 ccm<br \/>\nTyp: 3CA666<br \/>\nFarbcode: weiss<br \/>\nMotor.<br \/>\nHinweise: Das Ersatzteil wurde gepr\u00fcft und ist selbstverst\u00e4ndlich voll funktionst\u00fcchtig!<\/p>\n<p>Versand: Versand nur in der Schweiz m\u00f6glich. Im Ausland ist der Transport k\u00e4uferseits.<br \/>\nGarantie: 3 Monate Garantie. Bitte beachten Sie, dass die Gew\u00e4hrleistung nur g\u00fcltig ist, wenn der Ersatzteileinbau durch eine Fachwerkstatt\/Meisterwerkstatt erfolgt. Das Ein- und Ausbau des Ersatzteiles kann nicht an uns verrechnet werden.<\/p>\n<p>Ersatzteil: f\u00fcr andere Fahrzeugen (Marken) verf\u00fcgbar auf anfrage. Tel.041 980 27 47. Mobil. 076 589 27 47<\/p>\n<p>Kontakt<br \/>\nAdresse: Autoverwertung Brun AG<br \/>\nM\u00f6\u00f6slimatten 13<br \/>\n6218 Ettiswil<br \/>\nTelefon: 0041 (041) 980 27 47<br \/>\nTelefax: 0041 (041) 980 03 47<\/p>\n<p>Wir bieten Ihnen weitere gebrauchte Autoteile zum Kauf an<\/p>\n","protected":false},"excerpt":{"rendered":"<p>Technische Daten Fahrzeug: Citroen Jumper 2.2HDI Chassis Nr.: VF7YABMFB12023503 Baujahr: 2011 Kilometer: nicht bekannt Ca:153000 Leistung: 88 KW 120 PS Hubraum: 2198 ccm Typ: 3CA666 Farbcode: weiss Motor. Hinweise: Das Ersatzteil wurde gepr\u00fcft und ist selbstverst\u00e4ndlich voll funktionst\u00fcchtig! Versand: Versand nur in der Schweiz m\u00f6glich. Im Ausland ist der Transport k\u00e4uferseits. Garantie: 3 Monate Garantie.&hellip; <a class=\"more-link\" href=\"https:\/\/occasions-teile.ch\/en\/produkt\/1347768080-dieselpumpe-citroen-jumper-2-2hdi\/\">Continue reading <span class=\"screen-reader-text\">1347768080 Dieselpumpe Citroen Jumper 2.2HDI<\/span><\/a><\/p>\n","protected":false},"featured_media":204726,"template":"","meta":[],"product_brand":[],"product_cat":[663,494,1463,3044,6801],"product_tag":[],"class_list":{"0":"post-204735","1":"product","2":"type-product","3":"status-publish","4":"has-post-thumbnail","6":"product_cat-de-luft-kraftstoffsystem","7":"product_cat-de-motor","8":"product_cat-de_skoda","9":"product_cat-de_sonstige-de_skoda","10":"product_cat-sonstiges-kraftstoffsystem","11":"product_shipping_class-tarif-1","12":"entry","14":"first","15":"instock","16":"sold-individually","17":"taxable","18":"shipping-taxable","19":"purchasable","20":"product-type-simple"},"jetpack_sharing_enabled":true,"_links":{"self":[{"href":"https:\/\/occasions-teile.ch\/en\/wp-json\/wp\/v2\/product\/204735","targetHints":{"allow":["GET"]}}],"collection":[{"href":"https:\/\/occasions-teile.ch\/en\/wp-json\/wp\/v2\/product"}],"about":[{"href":"https:\/\/occasions-teile.ch\/en\/wp-json\/wp\/v2\/types\/product"}],"wp:featuredmedia":[{"embeddable":true,"href":"https:\/\/occasions-teile.ch\/en\/wp-json\/wp\/v2\/media\/204726"}],"wp:attachment":[{"href":"https:\/\/occasions-teile.ch\/en\/wp-json\/wp\/v2\/media?parent=204735"}],"wp:term":[{"taxonomy":"product_brand","embeddable":true,"href":"https:\/\/occasions-teile.ch\/en\/wp-json\/wp\/v2\/product_brand?post=204735"},{"taxonomy":"product_cat","embeddable":true,"href":"https:\/\/occasions-teile.ch\/en\/wp-json\/wp\/v2\/product_cat?post=204735"},{"taxonomy":"product_tag","embeddable":true,"href":"https:\/\/occasions-teile.ch\/en\/wp-json\/wp\/v2\/product_tag?post=204735"}],"curies":[{"name":"wp","href":"https:\/\/api.w.org\/{rel}","templated":true}]}}