{"id":203882,"date":"2023-11-07T18:25:15","date_gmt":"2023-11-07T18:25:15","guid":{"rendered":"https:\/\/occasions-teile.ch\/product\/9801388580-antriebswelle-vorne-links-citroen-c3-1-2i\/"},"modified":"2023-11-07T18:25:15","modified_gmt":"2023-11-07T18:25:15","slug":"9801388580-antriebswelle-vorne-links-citroen-c3-1-2i","status":"publish","type":"product","link":"https:\/\/occasions-teile.ch\/en\/produkt\/9801388580-antriebswelle-vorne-links-citroen-c3-1-2i\/","title":{"rendered":"9801388580 Antriebswelle Vorne Links Citroen C3 1.2i"},"content":{"rendered":"<p>Technische Daten<\/p>\n<p>Fahrzeug: Citroen C3 1.2i<br \/>\nBaujahr: 23.12.2013<br \/>\nKilometer: 70620 KM<br \/>\nLeistung: 60 KW<br \/>\nHubraum: 1199 ccm<br \/>\nTyp: 1CF117<br \/>\nFarbcode: Dunkelgrau-met.<br \/>\nHinweise: Das Ersatzteil wurde gepr\u00fcft und ist selbstverst\u00e4ndlich voll funktionst\u00fcchtig!<\/p>\n<p>Versand: Versand nur in der Schweiz m\u00f6glich. Im Ausland ist der Transport k\u00e4uferseits.<br \/>\nGarantie: 3 Monate Garantie. Bitte beachten Sie, dass die Gew\u00e4hrleistung nur g\u00fcltig ist, wenn der Ersatzteileinbau durch eine Fachwerkstatt\/Meisterwerkstatt erfolgt. Das Ein- und Ausbau des Ersatzteiles kann nicht an uns verrechnet werden. <\/p>\n<p>Ersatzteil: f\u00fcr andere Fahrzeugen (Marken) verf\u00fcgbar auf anfrage. Tel.041 980 27 47. Mobil. 076 589 27 47<\/p>\n<p>Kontakt<br \/>\nAdresse: Autoverwertung Brun AG<br \/>\nM\u00f6\u00f6slimatten 13<br \/>\n6218 Ettiswil<br \/>\nTelefon: 0041 (041) 980 27 47<br \/>\nTelefax: 0041 (041) 980 03 47<\/p>\n<p>Wir bieten Ihnen weitere gebrauchte Autoteile zum Kauf an<\/p>\n","protected":false},"excerpt":{"rendered":"<p>Technische Daten Fahrzeug: Citroen C3 1.2i Baujahr: 23.12.2013 Kilometer: 70620 KM Leistung: 60 KW Hubraum: 1199 ccm Typ: 1CF117 Farbcode: Dunkelgrau-met. Hinweise: Das Ersatzteil wurde gepr\u00fcft und ist selbstverst\u00e4ndlich voll funktionst\u00fcchtig! Versand: Versand nur in der Schweiz m\u00f6glich. Im Ausland ist der Transport k\u00e4uferseits. Garantie: 3 Monate Garantie. Bitte beachten Sie, dass die Gew\u00e4hrleistung nur&hellip; <a class=\"more-link\" href=\"https:\/\/occasions-teile.ch\/en\/produkt\/9801388580-antriebswelle-vorne-links-citroen-c3-1-2i\/\">Continue reading <span class=\"screen-reader-text\">9801388580 Antriebswelle Vorne Links Citroen C3 1.2i<\/span><\/a><\/p>\n","protected":false},"featured_media":203879,"template":"","meta":[],"product_brand":[],"product_cat":[1089,783,5534,3005,648],"product_tag":[],"class_list":{"0":"post-203882","1":"product","2":"type-product","3":"status-publish","4":"has-post-thumbnail","6":"product_cat-de-antriebswelle-hinten-links","7":"product_cat-de-antriebswellen","8":"product_cat-de_slug_citroen_c3_382","9":"product_cat-de_citroen","10":"product_cat-de-getriebe-antrieb","11":"product_shipping_class-tarif-2","12":"entry","14":"first","15":"instock","16":"sold-individually","17":"taxable","18":"shipping-taxable","19":"purchasable","20":"product-type-simple"},"jetpack_sharing_enabled":true,"_links":{"self":[{"href":"https:\/\/occasions-teile.ch\/en\/wp-json\/wp\/v2\/product\/203882","targetHints":{"allow":["GET"]}}],"collection":[{"href":"https:\/\/occasions-teile.ch\/en\/wp-json\/wp\/v2\/product"}],"about":[{"href":"https:\/\/occasions-teile.ch\/en\/wp-json\/wp\/v2\/types\/product"}],"wp:featuredmedia":[{"embeddable":true,"href":"https:\/\/occasions-teile.ch\/en\/wp-json\/wp\/v2\/media\/203879"}],"wp:attachment":[{"href":"https:\/\/occasions-teile.ch\/en\/wp-json\/wp\/v2\/media?parent=203882"}],"wp:term":[{"taxonomy":"product_brand","embeddable":true,"href":"https:\/\/occasions-teile.ch\/en\/wp-json\/wp\/v2\/product_brand?post=203882"},{"taxonomy":"product_cat","embeddable":true,"href":"https:\/\/occasions-teile.ch\/en\/wp-json\/wp\/v2\/product_cat?post=203882"},{"taxonomy":"product_tag","embeddable":true,"href":"https:\/\/occasions-teile.ch\/en\/wp-json\/wp\/v2\/product_tag?post=203882"}],"curies":[{"name":"wp","href":"https:\/\/api.w.org\/{rel}","templated":true}]}}