{"id":197620,"date":"2023-11-07T11:04:04","date_gmt":"2023-11-07T11:04:04","guid":{"rendered":"https:\/\/occasions-teile.ch\/product\/940a2000-motor-alfa-romeo-giulietta\/"},"modified":"2025-06-25T14:20:22","modified_gmt":"2025-06-25T14:20:22","slug":"940a2000-motor-alfa-romeo-giulietta","status":"publish","type":"product","link":"https:\/\/occasions-teile.ch\/en\/produkt\/940a2000-motor-alfa-romeo-giulietta\/","title":{"rendered":"940A2000 Motor Alfa Romeo Giulietta"},"content":{"rendered":"<p>Technische Daten<\/p>\n<p>Fahrzeug: Alfa Romeo Giulietta 1.4TB<br \/>\nChassis Nr.: ZAR94000007172074<br \/>\nBaujahr: 26.06.2012<br \/>\nKilometer: 245343 KM<br \/>\nLeistung: 125 KW 170 PS<br \/>\nHubraum: 1368 ccm<br \/>\nTyp: 1AA481<br \/>\nFarbcode: Rot<br \/>\nHinweise: Das Ersatzteil wurde gepr\u00fcft und ist selbstverst\u00e4ndlich voll funktionst\u00fcchtig!<\/p>\n<p>Versand: Versand nur in der Schweiz m\u00f6glich. Im Ausland ist der Transport k\u00e4uferseits.<br \/>\nGarantie: 3 Monate Garantie. Bitte beachten Sie, dass die Gew\u00e4hrleistung nur g\u00fcltig ist, wenn der Ersatzteileinbau durch eine Fachwerkstatt\/Meisterwerkstatt erfolgt. Das Ein- und Ausbau des Ersatzteiles kann nicht an uns verrechnet werden.<\/p>\n<p>Ersatzteil: f\u00fcr andere Fahrzeugen (Marken) verf\u00fcgbar auf anfrage. Tel.041 980 27 47. Mobil. 076 589 27 47<\/p>\n<p>Kontakt<br \/>\nAdresse: Autoverwertung Brun AG<br \/>\nM\u00f6\u00f6slimatten 13<br \/>\n6218 Ettiswil<br \/>\nTelefon: 0041 (041) 980 27 47<br \/>\nTelefax: 0041 (041) 980 03 47<\/p>\n<p>Wir bieten Ihnen weitere gebrauchte Autoteile zum Kauf an.<\/p>\n","protected":false},"excerpt":{"rendered":"<p>Technische Daten Fahrzeug: Alfa Romeo Giulietta 1.4TB Chassis Nr.: ZAR94000007172074 Baujahr: 26.06.2012 Kilometer: 245343 KM Leistung: 125 KW 170 PS Hubraum: 1368 ccm Typ: 1AA481 Farbcode: Rot Hinweise: Das Ersatzteil wurde gepr\u00fcft und ist selbstverst\u00e4ndlich voll funktionst\u00fcchtig! Versand: Versand nur in der Schweiz m\u00f6glich. Im Ausland ist der Transport k\u00e4uferseits. Garantie: 3 Monate Garantie. Bitte&hellip; <a class=\"more-link\" href=\"https:\/\/occasions-teile.ch\/en\/produkt\/940a2000-motor-alfa-romeo-giulietta\/\">Continue reading <span class=\"screen-reader-text\">940A2000 Motor Alfa Romeo Giulietta<\/span><\/a><\/p>\n","protected":false},"featured_media":197617,"template":"","meta":[],"product_brand":[],"product_cat":[468,5924,496,494,495],"product_tag":[],"class_list":{"0":"post-197620","1":"product","2":"type-product","3":"status-publish","4":"has-post-thumbnail","6":"product_cat-de_alfa-romeo","7":"product_cat-de_slug_alfa-romeo_giulietta_507","8":"product_cat-de-motor-de-motor-de-motor","9":"product_cat-de-motor","10":"product_cat-de-motor-de-motor","11":"product_shipping_class-tarif-4","12":"entry","14":"first","15":"outofstock","16":"sold-individually","17":"taxable","18":"shipping-taxable","19":"purchasable","20":"product-type-simple"},"jetpack_sharing_enabled":true,"_links":{"self":[{"href":"https:\/\/occasions-teile.ch\/en\/wp-json\/wp\/v2\/product\/197620","targetHints":{"allow":["GET"]}}],"collection":[{"href":"https:\/\/occasions-teile.ch\/en\/wp-json\/wp\/v2\/product"}],"about":[{"href":"https:\/\/occasions-teile.ch\/en\/wp-json\/wp\/v2\/types\/product"}],"wp:featuredmedia":[{"embeddable":true,"href":"https:\/\/occasions-teile.ch\/en\/wp-json\/wp\/v2\/media\/197617"}],"wp:attachment":[{"href":"https:\/\/occasions-teile.ch\/en\/wp-json\/wp\/v2\/media?parent=197620"}],"wp:term":[{"taxonomy":"product_brand","embeddable":true,"href":"https:\/\/occasions-teile.ch\/en\/wp-json\/wp\/v2\/product_brand?post=197620"},{"taxonomy":"product_cat","embeddable":true,"href":"https:\/\/occasions-teile.ch\/en\/wp-json\/wp\/v2\/product_cat?post=197620"},{"taxonomy":"product_tag","embeddable":true,"href":"https:\/\/occasions-teile.ch\/en\/wp-json\/wp\/v2\/product_tag?post=197620"}],"curies":[{"name":"wp","href":"https:\/\/api.w.org\/{rel}","templated":true}]}}