{"id":180849,"date":"2023-11-05T13:53:02","date_gmt":"2023-11-05T13:53:02","guid":{"rendered":"https:\/\/occasions-teile.ch\/product\/0001107493-anlasser-opel-corsa-d-1-4\/"},"modified":"2023-11-05T13:53:02","modified_gmt":"2023-11-05T13:53:02","slug":"0001107493-anlasser-opel-corsa-d-1-4","status":"publish","type":"product","link":"https:\/\/occasions-teile.ch\/en\/produkt\/0001107493-anlasser-opel-corsa-d-1-4\/","title":{"rendered":"0001107493 Anlasser Opel Corsa D 1.4"},"content":{"rendered":"<p>Technische Daten<\/p>\n<p>Fahrzeug: Opel Corsa D 1.4l<br \/>\nBaujahr: 12.11.2010<br \/>\nKilometer: 89582 KM<br \/>\nLeistung: 74 KW<br \/>\nHubraum: 1398 ccm<br \/>\nTyp: 1OB433<br \/>\nFarbcode: Schwarz<br \/>\nHinweise: Das Ersatzteil wurde gepr\u00fcft und ist selbstverst\u00e4ndlich voll funktionst\u00fcchtig!<\/p>\n<p>Versand: Versand nur in der Schweiz m\u00f6glich. Im Ausland ist der Transport k\u00e4uferseits.<br \/>\nGarantie: 3 Monate Garantie. Bitte beachten Sie, dass die Gew\u00e4hrleistung nur g\u00fcltig ist, wenn der Ersatzteileinbau durch eine Fachwerkstatt\/Meisterwerkstatt erfolgt. Das Ein- und Ausbau des Ersatzteiles kann nicht an uns verrechnet werden. <\/p>\n<p>Ersatzteil: f\u00fcr andere Fahrzeugen (Marken) verf\u00fcgbar auf anfrage. Tel.041 980 27 47. Mobil. 076 589 27 47<\/p>\n<p>Kontakt<br \/>\nAdresse: Autoverwertung Brun AG<br \/>\nM\u00f6\u00f6slimatten 13<br \/>\n6218 Ettiswil<br \/>\nTelefon: 0041 (041) 980 27 47<br \/>\nTelefax: 0041 (041) 980 03 47<\/p>\n<p>Wir bieten Ihnen weitere gebrauchte Autoteile zum Kauf an.<\/p>\n","protected":false},"excerpt":{"rendered":"<p>Technische Daten Fahrzeug: Opel Corsa D 1.4l Baujahr: 12.11.2010 Kilometer: 89582 KM Leistung: 74 KW Hubraum: 1398 ccm Typ: 1OB433 Farbcode: Schwarz Hinweise: Das Ersatzteil wurde gepr\u00fcft und ist selbstverst\u00e4ndlich voll funktionst\u00fcchtig! Versand: Versand nur in der Schweiz m\u00f6glich. Im Ausland ist der Transport k\u00e4uferseits. Garantie: 3 Monate Garantie. Bitte beachten Sie, dass die Gew\u00e4hrleistung&hellip; <a class=\"more-link\" href=\"https:\/\/occasions-teile.ch\/en\/produkt\/0001107493-anlasser-opel-corsa-d-1-4\/\">Continue reading <span class=\"screen-reader-text\">0001107493 Anlasser Opel Corsa D 1.4<\/span><\/a><\/p>\n","protected":false},"featured_media":180846,"template":"","meta":[],"product_brand":[],"product_cat":[694,693,1217,621,613],"product_tag":[],"class_list":{"0":"post-180849","1":"product","2":"type-product","3":"status-publish","4":"has-post-thumbnail","6":"product_cat-de-anlasser-de-anlasser","7":"product_cat-de-anlasser","8":"product_cat-de_corsa","9":"product_cat-de-elektrik-steuergeraete","10":"product_cat-de_opel","11":"product_shipping_class-tarif-2","12":"entry","14":"first","15":"instock","16":"sold-individually","17":"taxable","18":"shipping-taxable","19":"purchasable","20":"product-type-simple"},"jetpack_sharing_enabled":true,"_links":{"self":[{"href":"https:\/\/occasions-teile.ch\/en\/wp-json\/wp\/v2\/product\/180849","targetHints":{"allow":["GET"]}}],"collection":[{"href":"https:\/\/occasions-teile.ch\/en\/wp-json\/wp\/v2\/product"}],"about":[{"href":"https:\/\/occasions-teile.ch\/en\/wp-json\/wp\/v2\/types\/product"}],"wp:featuredmedia":[{"embeddable":true,"href":"https:\/\/occasions-teile.ch\/en\/wp-json\/wp\/v2\/media\/180846"}],"wp:attachment":[{"href":"https:\/\/occasions-teile.ch\/en\/wp-json\/wp\/v2\/media?parent=180849"}],"wp:term":[{"taxonomy":"product_brand","embeddable":true,"href":"https:\/\/occasions-teile.ch\/en\/wp-json\/wp\/v2\/product_brand?post=180849"},{"taxonomy":"product_cat","embeddable":true,"href":"https:\/\/occasions-teile.ch\/en\/wp-json\/wp\/v2\/product_cat?post=180849"},{"taxonomy":"product_tag","embeddable":true,"href":"https:\/\/occasions-teile.ch\/en\/wp-json\/wp\/v2\/product_tag?post=180849"}],"curies":[{"name":"wp","href":"https:\/\/api.w.org\/{rel}","templated":true}]}}