{"id":175096,"date":"2023-11-04T21:45:13","date_gmt":"2023-11-04T21:45:13","guid":{"rendered":"https:\/\/occasions-teile.ch\/product\/68164105aa-heckklappenschalter-jeep-cherokee-2-2td\/"},"modified":"2023-11-04T21:45:13","modified_gmt":"2023-11-04T21:45:13","slug":"68164105aa-heckklappenschalter-jeep-cherokee-2-2td","status":"publish","type":"product","link":"https:\/\/occasions-teile.ch\/en\/produkt\/68164105aa-heckklappenschalter-jeep-cherokee-2-2td\/","title":{"rendered":"68164105AA Heckklappenschalter Jeep Cherokee 2.2TD"},"content":{"rendered":"<p>Technische Daten<br \/>\nSchalter Heckklappen\u00f6ffner<br \/>\nFahrzeug: Jeep Cherokee 2.2TD<br \/>\nChassis Nr.: 1C4PJMDU9KD234648<br \/>\nBaujahr: 2018<br \/>\nKilometer: 64311 KM<br \/>\nLeistung: 143 KW 195 PS<br \/>\nHubraum: 2.2 ccm<br \/>\nTyp: 1JB354<br \/>\nFarbcode:<br \/>\nHinweise: Das Ersatzteil wurde gepr\u00fcft und ist selbstverst\u00e4ndlich voll funktionst\u00fcchtig!<\/p>\n<p>Versand: Versand nur in der Schweiz m\u00f6glich. Im Ausland ist der Transport k\u00e4uferseits.<br \/>\nGarantie: 3 Monate Garantie. Bitte beachten Sie, dass die Gew\u00e4hrleistung nur g\u00fcltig ist, wenn der Ersatzteileinbau durch eine Fachwerkstatt\/Meisterwerkstatt erfolgt. Das Ein- und Ausbau des Ersatzteiles kann nicht an uns verrechnet werden.<\/p>\n<p>Ersatzteil: f\u00fcr andere Fahrzeugen (Marken) verf\u00fcgbar auf anfrage. Tel.041 980 27 47. Mobil. 076 589 27 47<\/p>\n<p>Kontakt<br \/>\nAdresse: Autoverwertung Brun AG<br \/>\nM\u00f6\u00f6slimatten 13<br \/>\n6218 Ettiswil<br \/>\nTelefon: 0041 (041) 980 27 47<br \/>\nTelefax: 0041 (041) 980 03 47<\/p>\n<p>Wir bieten Ihnen weitere gebrauchte Autoteile zum Kauf an.<\/p>\n","protected":false},"excerpt":{"rendered":"<p>Technische Daten Schalter Heckklappen\u00f6ffner Fahrzeug: Jeep Cherokee 2.2TD Chassis Nr.: 1C4PJMDU9KD234648 Baujahr: 2018 Kilometer: 64311 KM Leistung: 143 KW 195 PS Hubraum: 2.2 ccm Typ: 1JB354 Farbcode: Hinweise: Das Ersatzteil wurde gepr\u00fcft und ist selbstverst\u00e4ndlich voll funktionst\u00fcchtig! Versand: Versand nur in der Schweiz m\u00f6glich. Im Ausland ist der Transport k\u00e4uferseits. Garantie: 3 Monate Garantie. Bitte&hellip; <a class=\"more-link\" href=\"https:\/\/occasions-teile.ch\/en\/produkt\/68164105aa-heckklappenschalter-jeep-cherokee-2-2td\/\">Continue reading <span class=\"screen-reader-text\">68164105AA Heckklappenschalter Jeep Cherokee 2.2TD<\/span><\/a><\/p>\n","protected":false},"featured_media":175090,"template":"","meta":[],"product_brand":[],"product_cat":[5999,6304,6091,2202,6076],"product_tag":[],"class_list":{"0":"post-175096","1":"product","2":"type-product","3":"status-publish","4":"has-post-thumbnail","6":"product_cat-de_slug_jeep_cherokee_65","7":"product_cat-de-elektrisches-heckklappenset-elektrischesheckklappenset","8":"product_cat-de-elektrischesheckklappenset","9":"product_cat-de_jeep","10":"product_cat-de-sets-nachruestung","11":"product_shipping_class-tarif-1","12":"entry","14":"first","15":"instock","16":"sold-individually","17":"taxable","18":"shipping-taxable","19":"purchasable","20":"product-type-simple"},"jetpack_sharing_enabled":true,"_links":{"self":[{"href":"https:\/\/occasions-teile.ch\/en\/wp-json\/wp\/v2\/product\/175096","targetHints":{"allow":["GET"]}}],"collection":[{"href":"https:\/\/occasions-teile.ch\/en\/wp-json\/wp\/v2\/product"}],"about":[{"href":"https:\/\/occasions-teile.ch\/en\/wp-json\/wp\/v2\/types\/product"}],"wp:featuredmedia":[{"embeddable":true,"href":"https:\/\/occasions-teile.ch\/en\/wp-json\/wp\/v2\/media\/175090"}],"wp:attachment":[{"href":"https:\/\/occasions-teile.ch\/en\/wp-json\/wp\/v2\/media?parent=175096"}],"wp:term":[{"taxonomy":"product_brand","embeddable":true,"href":"https:\/\/occasions-teile.ch\/en\/wp-json\/wp\/v2\/product_brand?post=175096"},{"taxonomy":"product_cat","embeddable":true,"href":"https:\/\/occasions-teile.ch\/en\/wp-json\/wp\/v2\/product_cat?post=175096"},{"taxonomy":"product_tag","embeddable":true,"href":"https:\/\/occasions-teile.ch\/en\/wp-json\/wp\/v2\/product_tag?post=175096"}],"curies":[{"name":"wp","href":"https:\/\/api.w.org\/{rel}","templated":true}]}}