{"id":17162,"date":"2023-04-26T13:48:05","date_gmt":"2023-04-26T13:48:05","guid":{"rendered":"https:\/\/occasions-teile.ch\/product\/seat-leon-bremszange-bremssattel-hinten-3\/"},"modified":"2024-05-27T02:52:00","modified_gmt":"2024-05-27T02:52:00","slug":"seat-leon-bremszange-bremssattel-hinten-3","status":"publish","type":"product","link":"https:\/\/occasions-teile.ch\/en\/produkt\/seat-leon-bremszange-bremssattel-hinten-3\/","title":{"rendered":"SEAT Leon  Bremszange Bremssattel hinten"},"content":{"rendered":"<p><span><b>Technische Daten<\/b><\/p>\n<p> Fahrzeug: SEAT Leon<br \/>\n Chassis Nr.: VSSZZZ5FZLR092585<br \/>\n Baujahr: 2020<br \/>\n Kilometer: 45610 KM<br \/>\n Leistung: 136 KW<br \/>\n Hubraum: 1495 ccm<br \/>\n Typ: 1sh866<br \/>\n Farbcode: Black<br \/>\n Hinweise: &#8211;<\/p>\n<p> Versand: Versand nur in der Schweiz m\u00f6glich.Im Ausland ist der Transport k\u00e4uferseits.<br \/>\n Garantie: 3 Monate Garantie. Bitte beachten Sie, dass die Gew\u00e4hrleistung nur g\u00fcltig ist, wenn der Ersatzteileinbau durch eine Fachwerkstatt\/Meisterwerkstatt erfolgt. Das Ein- und Ausbau des Ersatzteiles kann nicht an uns verrechnet werden. <\/p>\n<p> Ersatzteil: f\u00fcr andere Fahrzeugen (Marken) verf\u00fcgbar auf anfrage. Tel.041 980 27 47. Mobil. 076 589 27 47<\/p>\n<p> Kontakt<br \/>\n  Adresse: Autoverwertung Brun AG<br \/>\n           M\u00f6\u00f6slimatten 13<br \/>\n           6218 Ettiswil<br \/>\n  Telefon: 0041 (041) 980 27 47<br \/>\n  Telefax: 0041 (041) 980 03 47<\/p>\n<p> Wir bieten Ihnen weitere gebrauchte Autoteile zum Kauf an.<br \/>\n<\/span><\/p>\n","protected":false},"excerpt":{"rendered":"<p>Technische Daten Fahrzeug: SEAT Leon Chassis Nr.: VSSZZZ5FZLR092585 Baujahr: 2020 Kilometer: 45610 KM Leistung: 136 KW Hubraum: 1495 ccm Typ: 1sh866 Farbcode: Black Hinweise: &#8211; Versand: Versand nur in der Schweiz m\u00f6glich.Im Ausland ist der Transport k\u00e4uferseits. Garantie: 3 Monate Garantie. Bitte beachten Sie, dass die Gew\u00e4hrleistung nur g\u00fcltig ist, wenn der Ersatzteileinbau durch eine&hellip; <a class=\"more-link\" href=\"https:\/\/occasions-teile.ch\/en\/produkt\/seat-leon-bremszange-bremssattel-hinten-3\/\">Continue reading <span class=\"screen-reader-text\">SEAT Leon  Bremszange Bremssattel hinten<\/span><\/a><\/p>\n","protected":false},"featured_media":17159,"template":"","meta":[],"product_brand":[],"product_cat":[23673,781,1088,536,1501,1500,1823],"product_tag":[],"class_list":{"0":"post-17162","1":"product","2":"type-product","3":"status-publish","4":"has-post-thumbnail","6":"product_cat-de-5f1-1-5-tsi-de_leon-de_seat-manufacturer-41","7":"product_cat-fr-etrier-de-frein-support","8":"product_cat-fr-etrier-de-frein-arriere","9":"product_cat-fr-frein-systeme-de-freinage","10":"product_cat-fr_leon","11":"product_cat-fr_seat","12":"product_cat-fr-vsszzz5fzlr092585","13":"product_shipping_class-tarif-1-fr","14":"entry","16":"first","17":"instock","18":"taxable","19":"shipping-taxable","20":"purchasable","21":"product-type-simple"},"jetpack_sharing_enabled":true,"_links":{"self":[{"href":"https:\/\/occasions-teile.ch\/en\/wp-json\/wp\/v2\/product\/17162","targetHints":{"allow":["GET"]}}],"collection":[{"href":"https:\/\/occasions-teile.ch\/en\/wp-json\/wp\/v2\/product"}],"about":[{"href":"https:\/\/occasions-teile.ch\/en\/wp-json\/wp\/v2\/types\/product"}],"wp:featuredmedia":[{"embeddable":true,"href":"https:\/\/occasions-teile.ch\/en\/wp-json\/wp\/v2\/media\/17159"}],"wp:attachment":[{"href":"https:\/\/occasions-teile.ch\/en\/wp-json\/wp\/v2\/media?parent=17162"}],"wp:term":[{"taxonomy":"product_brand","embeddable":true,"href":"https:\/\/occasions-teile.ch\/en\/wp-json\/wp\/v2\/product_brand?post=17162"},{"taxonomy":"product_cat","embeddable":true,"href":"https:\/\/occasions-teile.ch\/en\/wp-json\/wp\/v2\/product_cat?post=17162"},{"taxonomy":"product_tag","embeddable":true,"href":"https:\/\/occasions-teile.ch\/en\/wp-json\/wp\/v2\/product_tag?post=17162"}],"curies":[{"name":"wp","href":"https:\/\/api.w.org\/{rel}","templated":true}]}}