{"id":167829,"date":"2023-11-03T19:45:26","date_gmt":"2023-11-03T19:45:26","guid":{"rendered":"https:\/\/occasions-teile.ch\/product\/antriebswelle-vorne-links-vw-polo-1-4-16v-automat\/"},"modified":"2023-11-03T19:45:26","modified_gmt":"2023-11-03T19:45:26","slug":"antriebswelle-vorne-links-vw-polo-1-4-16v-automat","status":"publish","type":"product","link":"https:\/\/occasions-teile.ch\/en\/produkt\/antriebswelle-vorne-links-vw-polo-1-4-16v-automat\/","title":{"rendered":"Antriebswelle vorne links VW Polo 1.4 16v Automat"},"content":{"rendered":"<p>Technische Daten<\/p>\n<p>Ersatzteil:  f\u00fcr andere Fahrzeugen (Marken) verf\u00fcgbar auf anfrage. Tel.041 980 27 47.  Mobil. 076 589 27 47<br \/>\nCode: <\/p>\n<p>Fahrzeug:  VW Polo 1.4 16V 3Limo Automat<br \/>\nBaujahr:     2002<br \/>\nKilometer:  117025  Km<br \/>\nLeistung:    55 KW   77 PS<br \/>\nHubraum:  1400 ccm<br \/>\nTyp:<br \/>\nHinweise: Das Ersatzteil wurde gepr\u00fcft und ist selbstverst\u00e4ndlich voll funktionst\u00fcchtig!<\/p>\n<p>Versand: Versand nur in der Schweiz m\u00f6glich. Im Ausland ist der Transport k\u00e4uferseits.<br \/>\nGarantie: 3 Monate Garantie. Bitte beachten Sie, dass die Gew\u00e4hrleistung nur g\u00fcltig ist, wenn der Ersatzteileinbau durch eine Fachwerkstatt\/Meisterwerkstatt erfolgt. Das Ein- und Ausbau des Ersatzteiles kann nicht an uns verrechnet werden. <\/p>\n<p>Kontakt<br \/>\nAdresse: Autoverwertung Brun AG<br \/>\nM\u00f6\u00f6slimatten 13<br \/>\n6218 Ettiswil<br \/>\nTelefon: 0041 (041) 980 27 47<br \/>\nTelefax: 0041 (041) 980 03 47<\/p>\n<p>Wir bieten Ihnen weitere gebrauchte Autoteile zum Kauf an.<\/p>\n","protected":false},"excerpt":{"rendered":"<p>Technische Daten Ersatzteil: f\u00fcr andere Fahrzeugen (Marken) verf\u00fcgbar auf anfrage. Tel.041 980 27 47. Mobil. 076 589 27 47 Code: Fahrzeug: VW Polo 1.4 16V 3Limo Automat Baujahr: 2002 Kilometer: 117025 Km Leistung: 55 KW 77 PS Hubraum: 1400 ccm Typ: Hinweise: Das Ersatzteil wurde gepr\u00fcft und ist selbstverst\u00e4ndlich voll funktionst\u00fcchtig! Versand: Versand nur in&hellip; <a class=\"more-link\" href=\"https:\/\/occasions-teile.ch\/en\/produkt\/antriebswelle-vorne-links-vw-polo-1-4-16v-automat\/\">Continue reading <span class=\"screen-reader-text\">Antriebswelle vorne links VW Polo 1.4 16v Automat<\/span><\/a><\/p>\n","protected":false},"featured_media":167826,"template":"","meta":[],"product_brand":[],"product_cat":[1089,783,648,1634,1280],"product_tag":[],"class_list":{"0":"post-167829","1":"product","2":"type-product","3":"status-publish","4":"has-post-thumbnail","6":"product_cat-de-antriebswelle-hinten-links","7":"product_cat-de-antriebswellen","8":"product_cat-de-getriebe-antrieb","9":"product_cat-de_polo","10":"product_cat-de_volkswagen","11":"product_shipping_class-tarif-2","12":"entry","14":"first","15":"instock","16":"sold-individually","17":"taxable","18":"shipping-taxable","19":"purchasable","20":"product-type-simple"},"jetpack_sharing_enabled":true,"_links":{"self":[{"href":"https:\/\/occasions-teile.ch\/en\/wp-json\/wp\/v2\/product\/167829","targetHints":{"allow":["GET"]}}],"collection":[{"href":"https:\/\/occasions-teile.ch\/en\/wp-json\/wp\/v2\/product"}],"about":[{"href":"https:\/\/occasions-teile.ch\/en\/wp-json\/wp\/v2\/types\/product"}],"wp:featuredmedia":[{"embeddable":true,"href":"https:\/\/occasions-teile.ch\/en\/wp-json\/wp\/v2\/media\/167826"}],"wp:attachment":[{"href":"https:\/\/occasions-teile.ch\/en\/wp-json\/wp\/v2\/media?parent=167829"}],"wp:term":[{"taxonomy":"product_brand","embeddable":true,"href":"https:\/\/occasions-teile.ch\/en\/wp-json\/wp\/v2\/product_brand?post=167829"},{"taxonomy":"product_cat","embeddable":true,"href":"https:\/\/occasions-teile.ch\/en\/wp-json\/wp\/v2\/product_cat?post=167829"},{"taxonomy":"product_tag","embeddable":true,"href":"https:\/\/occasions-teile.ch\/en\/wp-json\/wp\/v2\/product_tag?post=167829"}],"curies":[{"name":"wp","href":"https:\/\/api.w.org\/{rel}","templated":true}]}}