{"id":155561,"date":"2023-11-03T07:31:01","date_gmt":"2023-11-03T07:31:01","guid":{"rendered":"https:\/\/occasions-teile.ch\/product\/a2123202025-luftfederung-hinten-rechts-mercedes-cls-350-2012\/"},"modified":"2023-11-03T07:31:01","modified_gmt":"2023-11-03T07:31:01","slug":"a2123202025-luftfederung-hinten-rechts-mercedes-cls-350-2012","status":"publish","type":"product","link":"https:\/\/occasions-teile.ch\/en\/produkt\/a2123202025-luftfederung-hinten-rechts-mercedes-cls-350-2012\/","title":{"rendered":"A2123202025 Luftfederung hinten rechts Mercedes CLS 350 2012"},"content":{"rendered":"<p>Technische Daten<br \/>\nAchtung die Schutzmanschette hat ein kleinen riss<br \/>\nFahrzeug: Mercedes Benz CLS350<br \/>\nChassis Nr.: WDD2183591a053099<br \/>\nBaujahr: 25.05.2012<br \/>\nKilometer: 158550 KM<br \/>\nLeistung: 225 KW 306 PS<br \/>\nHubraum: 3498 ccm<br \/>\nTyp: 1ME681<br \/>\nFarbcode: Schwarz<br \/>\nHinweise: Das Ersatzteil wurde gepr\u00fcft und ist selbstverst\u00e4ndlich voll funktionst\u00fcchtig!<\/p>\n<p>Versand: Versand nur in der Schweiz m\u00f6glich. Im Ausland ist der Transport k\u00e4uferseits.<br \/>\nGarantie: 3 Monate Garantie. Bitte beachten Sie, dass die Gew\u00e4hrleistung nur g\u00fcltig ist, wenn der Ersatzteileinbau durch eine Fachwerkstatt\/Meisterwerkstatt erfolgt. Das Ein- und Ausbau des Ersatzteiles kann nicht an uns verrechnet werden.<\/p>\n<p>Ersatzteil: f\u00fcr andere Fahrzeugen (Marken) verf\u00fcgbar auf anfrage. Tel.041 980 27 47. Mobil. 076 589 27 47<\/p>\n<p>Kontakt<br \/>\nAdresse: Autoverwertung Brun AG<br \/>\nM\u00f6\u00f6slimatten 13<br \/>\n6218 Ettiswil<br \/>\nTelefon: 0041 (041) 980 27 47<br \/>\nTelefax: 0041 (041) 980 03 47<\/p>\n<p>Wir bieten Ihnen weitere gebrauchte Autoteile zum Kauf an.<\/p>\n","protected":false},"excerpt":{"rendered":"<p>Technische Daten Achtung die Schutzmanschette hat ein kleinen riss Fahrzeug: Mercedes Benz CLS350 Chassis Nr.: WDD2183591a053099 Baujahr: 25.05.2012 Kilometer: 158550 KM Leistung: 225 KW 306 PS Hubraum: 3498 ccm Typ: 1ME681 Farbcode: Schwarz Hinweise: Das Ersatzteil wurde gepr\u00fcft und ist selbstverst\u00e4ndlich voll funktionst\u00fcchtig! Versand: Versand nur in der Schweiz m\u00f6glich. Im Ausland ist der Transport&hellip; <a class=\"more-link\" href=\"https:\/\/occasions-teile.ch\/en\/produkt\/a2123202025-luftfederung-hinten-rechts-mercedes-cls-350-2012\/\">Continue reading <span class=\"screen-reader-text\">A2123202025 Luftfederung hinten rechts Mercedes CLS 350 2012<\/span><\/a><\/p>\n","protected":false},"featured_media":155558,"template":"","meta":[],"product_brand":[],"product_cat":[541,2697,2337],"product_tag":[],"class_list":{"0":"post-155561","1":"product","2":"type-product","3":"status-publish","4":"has-post-thumbnail","6":"product_cat-de-fahrwerk-lenkung","7":"product_cat-de-luftfederung","8":"product_cat-de-pumpeluftfederung","9":"product_shipping_class-tarif-1","10":"entry","12":"first","13":"instock","14":"sold-individually","15":"taxable","16":"shipping-taxable","17":"purchasable","18":"product-type-simple"},"jetpack_sharing_enabled":true,"_links":{"self":[{"href":"https:\/\/occasions-teile.ch\/en\/wp-json\/wp\/v2\/product\/155561","targetHints":{"allow":["GET"]}}],"collection":[{"href":"https:\/\/occasions-teile.ch\/en\/wp-json\/wp\/v2\/product"}],"about":[{"href":"https:\/\/occasions-teile.ch\/en\/wp-json\/wp\/v2\/types\/product"}],"wp:featuredmedia":[{"embeddable":true,"href":"https:\/\/occasions-teile.ch\/en\/wp-json\/wp\/v2\/media\/155558"}],"wp:attachment":[{"href":"https:\/\/occasions-teile.ch\/en\/wp-json\/wp\/v2\/media?parent=155561"}],"wp:term":[{"taxonomy":"product_brand","embeddable":true,"href":"https:\/\/occasions-teile.ch\/en\/wp-json\/wp\/v2\/product_brand?post=155561"},{"taxonomy":"product_cat","embeddable":true,"href":"https:\/\/occasions-teile.ch\/en\/wp-json\/wp\/v2\/product_cat?post=155561"},{"taxonomy":"product_tag","embeddable":true,"href":"https:\/\/occasions-teile.ch\/en\/wp-json\/wp\/v2\/product_tag?post=155561"}],"curies":[{"name":"wp","href":"https:\/\/api.w.org\/{rel}","templated":true}]}}