{"id":12315,"date":"2023-04-15T08:00:51","date_gmt":"2023-04-15T08:00:51","guid":{"rendered":"https:\/\/occasions-teile.ch\/product\/opel-movano-bordnetz-steuergeraet\/"},"modified":"2024-05-25T06:00:13","modified_gmt":"2024-05-25T06:00:13","slug":"opel-movano-bordnetz-steuergeraet","status":"publish","type":"product","link":"https:\/\/occasions-teile.ch\/en\/produkt\/opel-movano-bordnetz-steuergeraet\/","title":{"rendered":"Opel Movano  Bordnetz Steuerger\u00e4t"},"content":{"rendered":"<p><span><b>Technische Daten<\/b><\/p>\n<p> Fahrzeug: Opel Movano<br \/>\n Chassis Nr.: W0VMR3605LB204629<br \/>\n Baujahr: 2020<br \/>\n Kilometer: 203500 KM<br \/>\n Leistung: 150 KW<br \/>\n Hubraum: 2298 ccm<br \/>\n Typ: 3OB416<br \/>\n Farbcode: White\/Weiss<br \/>\n Hinweise: &#8211;<\/p>\n<p> Versand: Versand nur in der Schweiz m\u00f6glich.Im Ausland ist der Transport k\u00e4uferseits.<br \/>\n Garantie: 3 Monate Garantie. Bitte beachten Sie, dass die Gew\u00e4hrleistung nur g\u00fcltig ist, wenn der Ersatzteileinbau durch eine Fachwerkstatt\/Meisterwerkstatt erfolgt. Das Ein- und Ausbau des Ersatzteiles kann nicht an uns verrechnet werden. <\/p>\n<p> Ersatzteil: f\u00fcr andere Fahrzeugen (Marken) verf\u00fcgbar auf anfrage. Tel.041 980 27 47. Mobil. 076 589 27 47<\/p>\n<p> Kontakt<br \/>\n  Adresse: Autoverwertung Brun AG<br \/>\n           M\u00f6\u00f6slimatten 13<br \/>\n           6218 Ettiswil<br \/>\n  Telefon: 0041 (041) 980 27 47<br \/>\n  Telefax: 0041 (041) 980 03 47<\/p>\n<p> Wir bieten Ihnen weitere gebrauchte Autoteile zum Kauf an.<br \/>\n<\/span><\/p>\n","protected":false},"excerpt":{"rendered":"<p>Technische Daten Fahrzeug: Opel Movano Chassis Nr.: W0VMR3605LB204629 Baujahr: 2020 Kilometer: 203500 KM Leistung: 150 KW Hubraum: 2298 ccm Typ: 3OB416 Farbcode: White\/Weiss Hinweise: &#8211; Versand: Versand nur in der Schweiz m\u00f6glich.Im Ausland ist der Transport k\u00e4uferseits. Garantie: 3 Monate Garantie. Bitte beachten Sie, dass die Gew\u00e4hrleistung nur g\u00fcltig ist, wenn der Ersatzteileinbau durch eine&hellip; <a class=\"more-link\" href=\"https:\/\/occasions-teile.ch\/en\/produkt\/opel-movano-bordnetz-steuergeraet\/\">Continue reading <span class=\"screen-reader-text\">Opel Movano  Bordnetz Steuerger\u00e4t<\/span><\/a><\/p>\n","protected":false},"featured_media":12312,"template":"","meta":[],"product_brand":[],"product_cat":[23604,1154,1154,1153,624,624,624,1564,1564,1564,1154,616,616,616,1153,1563,1563,1563,1153],"product_tag":[],"class_list":{"0":"post-12315","1":"product","2":"type-product","3":"status-publish","4":"has-post-thumbnail","6":"product_cat-de-2-3m-kasten-de_movano-de_opel-manufacturer-26","7":"product_cat-en-onboard-power-supply-control-unit","9":"product_cat-en-central-locking-system","10":"product_cat-en-electrics-control-units","13":"product_cat-en_movano","17":"product_cat-en_opel","21":"product_cat-en-w0vmr3605lb204629","25":"product_shipping_class-tarif-1-en","26":"entry","28":"first","29":"instock","30":"taxable","31":"shipping-taxable","32":"purchasable","33":"product-type-simple"},"jetpack_sharing_enabled":true,"_links":{"self":[{"href":"https:\/\/occasions-teile.ch\/en\/wp-json\/wp\/v2\/product\/12315","targetHints":{"allow":["GET"]}}],"collection":[{"href":"https:\/\/occasions-teile.ch\/en\/wp-json\/wp\/v2\/product"}],"about":[{"href":"https:\/\/occasions-teile.ch\/en\/wp-json\/wp\/v2\/types\/product"}],"wp:featuredmedia":[{"embeddable":true,"href":"https:\/\/occasions-teile.ch\/en\/wp-json\/wp\/v2\/media\/12312"}],"wp:attachment":[{"href":"https:\/\/occasions-teile.ch\/en\/wp-json\/wp\/v2\/media?parent=12315"}],"wp:term":[{"taxonomy":"product_brand","embeddable":true,"href":"https:\/\/occasions-teile.ch\/en\/wp-json\/wp\/v2\/product_brand?post=12315"},{"taxonomy":"product_cat","embeddable":true,"href":"https:\/\/occasions-teile.ch\/en\/wp-json\/wp\/v2\/product_cat?post=12315"},{"taxonomy":"product_tag","embeddable":true,"href":"https:\/\/occasions-teile.ch\/en\/wp-json\/wp\/v2\/product_tag?post=12315"}],"curies":[{"name":"wp","href":"https:\/\/api.w.org\/{rel}","templated":true}]}}