{"id":117917,"date":"2023-10-31T11:03:25","date_gmt":"2023-10-31T11:03:25","guid":{"rendered":"https:\/\/occasions-teile.ch\/product\/antriebswelle-vorne-rechts-vw-fox-1-2l-2007\/"},"modified":"2023-10-31T11:03:25","modified_gmt":"2023-10-31T11:03:25","slug":"antriebswelle-vorne-rechts-vw-fox-1-2l-2007","status":"publish","type":"product","link":"https:\/\/occasions-teile.ch\/en\/produkt\/antriebswelle-vorne-rechts-vw-fox-1-2l-2007\/","title":{"rendered":"Antriebswelle vorne rechts VW Fox 1.2l 2007"},"content":{"rendered":"<p>Technische Daten<\/p>\n<p>Ersatzteil:  f\u00fcr andere Fahrzeugen (Marken) verf\u00fcgbar auf anfrage. Tel.041 980 27 47.  Mobil. 076 589 27 47<br \/>\nCode: <\/p>\n<p>Fahrzeug:  VW Fox 1.2l   3Limo<br \/>\nBaujahr:     2007<br \/>\nKilometer:  86547 Km<br \/>\nLeistung:    40 KW  108 PS<br \/>\nHubraum:  1200 ccm<br \/>\nTyp:            1VD302<br \/>\nHinweise: Das Ersatzteil wurde gepr\u00fcft und ist selbstverst\u00e4ndlich voll funktionst\u00fcchtig!<\/p>\n<p>Versand: Versand nur in der Schweiz m\u00f6glich. Im Ausland ist der Transport k\u00e4uferseits.<br \/>\nGarantie: 3 Monate Garantie. Bitte beachten Sie, dass die Gew\u00e4hrleistung nur g\u00fcltig ist, wenn der Ersatzteileinbau durch eine Fachwerkstatt\/Meisterwerkstatt erfolgt. Das Ein- und Ausbau des Ersatzteiles kann nicht an uns verrechnet werden. <\/p>\n<p>Kontakt<br \/>\nAdresse: Autoverwertung Brun AG<br \/>\nM\u00f6\u00f6slimatten 13<br \/>\n6218 Ettiswil<br \/>\nTelefon: 0041 (041) 980 27 47<br \/>\nTelefax: 0041 (041) 980 03 47<\/p>\n<p>Wir bieten Ihnen weitere gebrauchte Autoteile zum Kauf an.<\/p>\n","protected":false},"excerpt":{"rendered":"<p>Technische Daten Ersatzteil: f\u00fcr andere Fahrzeugen (Marken) verf\u00fcgbar auf anfrage. Tel.041 980 27 47. Mobil. 076 589 27 47 Code: Fahrzeug: VW Fox 1.2l 3Limo Baujahr: 2007 Kilometer: 86547 Km Leistung: 40 KW 108 PS Hubraum: 1200 ccm Typ: 1VD302 Hinweise: Das Ersatzteil wurde gepr\u00fcft und ist selbstverst\u00e4ndlich voll funktionst\u00fcchtig! Versand: Versand nur in der&hellip; <a class=\"more-link\" href=\"https:\/\/occasions-teile.ch\/en\/produkt\/antriebswelle-vorne-rechts-vw-fox-1-2l-2007\/\">Continue reading <span class=\"screen-reader-text\">Antriebswelle vorne rechts VW Fox 1.2l 2007<\/span><\/a><\/p>\n","protected":false},"featured_media":117914,"template":"","meta":[],"product_brand":[],"product_cat":[1089,783,5069,648,1280],"product_tag":[],"class_list":{"0":"post-117917","1":"product","2":"type-product","3":"status-publish","4":"has-post-thumbnail","6":"product_cat-de-antriebswelle-hinten-links","7":"product_cat-de-antriebswellen","8":"product_cat-de_slug_vw_fox_25","9":"product_cat-de-getriebe-antrieb","10":"product_cat-de_volkswagen","11":"product_shipping_class-tarif-2","12":"entry","14":"first","15":"instock","16":"sold-individually","17":"taxable","18":"shipping-taxable","19":"purchasable","20":"product-type-simple"},"jetpack_sharing_enabled":true,"_links":{"self":[{"href":"https:\/\/occasions-teile.ch\/en\/wp-json\/wp\/v2\/product\/117917","targetHints":{"allow":["GET"]}}],"collection":[{"href":"https:\/\/occasions-teile.ch\/en\/wp-json\/wp\/v2\/product"}],"about":[{"href":"https:\/\/occasions-teile.ch\/en\/wp-json\/wp\/v2\/types\/product"}],"wp:featuredmedia":[{"embeddable":true,"href":"https:\/\/occasions-teile.ch\/en\/wp-json\/wp\/v2\/media\/117914"}],"wp:attachment":[{"href":"https:\/\/occasions-teile.ch\/en\/wp-json\/wp\/v2\/media?parent=117917"}],"wp:term":[{"taxonomy":"product_brand","embeddable":true,"href":"https:\/\/occasions-teile.ch\/en\/wp-json\/wp\/v2\/product_brand?post=117917"},{"taxonomy":"product_cat","embeddable":true,"href":"https:\/\/occasions-teile.ch\/en\/wp-json\/wp\/v2\/product_cat?post=117917"},{"taxonomy":"product_tag","embeddable":true,"href":"https:\/\/occasions-teile.ch\/en\/wp-json\/wp\/v2\/product_tag?post=117917"}],"curies":[{"name":"wp","href":"https:\/\/api.w.org\/{rel}","templated":true}]}}