{"id":11577,"date":"2023-04-14T14:08:37","date_gmt":"2023-04-14T14:08:37","guid":{"rendered":"https:\/\/occasions-teile.ch\/product\/volkswagen-t5-kotfluegel-vorn\/"},"modified":"2024-05-27T20:56:00","modified_gmt":"2024-05-27T20:56:00","slug":"volkswagen-t5-kotfluegel-vorn","status":"publish","type":"product","link":"https:\/\/occasions-teile.ch\/en\/produkt\/volkswagen-t5-kotfluegel-vorn\/","title":{"rendered":"Volkswagen T5  Kotfl\u00fcgel vorn"},"content":{"rendered":"<p><span><b>Technische Daten<\/b><\/p>\n<p> Fahrzeug: Volkswagen T5<br \/>\n Chassis Nr.: WV1ZZZ7HZDX005367<br \/>\n Baujahr: 2012<br \/>\n Kilometer: 180000 KM<br \/>\n Leistung: 84 KW<br \/>\n Hubraum: 1968 ccm<br \/>\n Typ: 3VD638<br \/>\n Farbcode: White\/Weiss<br \/>\n Hinweise: Achtung Beulen vorhanden!!!<\/p>\n<p> Versand: Versand nur in der Schweiz m\u00f6glich.Im Ausland ist der Transport k\u00e4uferseits.<br \/>\n Garantie: 3 Monate Garantie. Bitte beachten Sie, dass die Gew\u00e4hrleistung nur g\u00fcltig ist, wenn der Ersatzteileinbau durch eine Fachwerkstatt\/Meisterwerkstatt erfolgt. Das Ein- und Ausbau des Ersatzteiles kann nicht an uns verrechnet werden. <\/p>\n<p> Ersatzteil: f\u00fcr andere Fahrzeugen (Marken) verf\u00fcgbar auf anfrage. Tel.041 980 27 47. Mobil. 076 589 27 47<\/p>\n<p> Kontakt<br \/>\n  Adresse: Autoverwertung Brun AG<br \/>\n           M\u00f6\u00f6slimatten 13<br \/>\n           6218 Ettiswil<br \/>\n  Telefon: 0041 (041) 980 27 47<br \/>\n  Telefax: 0041 (041) 980 03 47<\/p>\n<p> Wir bieten Ihnen weitere gebrauchte Autoteile zum Kauf an.<br \/>\n<\/span><\/p>\n","protected":false},"excerpt":{"rendered":"<p>Technische Daten Fahrzeug: Volkswagen T5 Chassis Nr.: WV1ZZZ7HZDX005367 Baujahr: 2012 Kilometer: 180000 KM Leistung: 84 KW Hubraum: 1968 ccm Typ: 3VD638 Farbcode: White\/Weiss Hinweise: Achtung Beulen vorhanden!!! Versand: Versand nur in der Schweiz m\u00f6glich.Im Ausland ist der Transport k\u00e4uferseits. Garantie: 3 Monate Garantie. Bitte beachten Sie, dass die Gew\u00e4hrleistung nur g\u00fcltig ist, wenn der Ersatzteileinbau&hellip; <a class=\"more-link\" href=\"https:\/\/occasions-teile.ch\/en\/produkt\/volkswagen-t5-kotfluegel-vorn\/\">Continue reading <span class=\"screen-reader-text\">Volkswagen T5  Kotfl\u00fcgel vorn<\/span><\/a><\/p>\n","protected":false},"featured_media":11574,"template":"","meta":[],"product_brand":[],"product_cat":[23727,512,978,979,1547,1280,1546],"product_tag":[],"class_list":{"0":"post-11577","1":"product","2":"type-product","3":"status-publish","4":"has-post-thumbnail","6":"product_cat-de-2-0tdi-kasten-de_t5-de_volkswagen-manufacturer-7","7":"product_cat-de-karosserie-front","8":"product_cat-de-kotfluegel","9":"product_cat-de-kotfluegel-vorn","10":"product_cat-de_t5","11":"product_cat-de_volkswagen","12":"product_cat-de-wv1zzz7hzdx005367","13":"product_shipping_class-tarif-2","14":"entry","16":"first","17":"instock","18":"taxable","19":"shipping-taxable","20":"purchasable","21":"product-type-simple"},"jetpack_sharing_enabled":true,"_links":{"self":[{"href":"https:\/\/occasions-teile.ch\/en\/wp-json\/wp\/v2\/product\/11577","targetHints":{"allow":["GET"]}}],"collection":[{"href":"https:\/\/occasions-teile.ch\/en\/wp-json\/wp\/v2\/product"}],"about":[{"href":"https:\/\/occasions-teile.ch\/en\/wp-json\/wp\/v2\/types\/product"}],"wp:featuredmedia":[{"embeddable":true,"href":"https:\/\/occasions-teile.ch\/en\/wp-json\/wp\/v2\/media\/11574"}],"wp:attachment":[{"href":"https:\/\/occasions-teile.ch\/en\/wp-json\/wp\/v2\/media?parent=11577"}],"wp:term":[{"taxonomy":"product_brand","embeddable":true,"href":"https:\/\/occasions-teile.ch\/en\/wp-json\/wp\/v2\/product_brand?post=11577"},{"taxonomy":"product_cat","embeddable":true,"href":"https:\/\/occasions-teile.ch\/en\/wp-json\/wp\/v2\/product_cat?post=11577"},{"taxonomy":"product_tag","embeddable":true,"href":"https:\/\/occasions-teile.ch\/en\/wp-json\/wp\/v2\/product_tag?post=11577"}],"curies":[{"name":"wp","href":"https:\/\/api.w.org\/{rel}","templated":true}]}}