{"id":112068,"date":"2023-10-31T00:58:07","date_gmt":"2023-10-31T00:58:07","guid":{"rendered":"https:\/\/occasions-teile.ch\/product\/s8a6pfe07-motorsteuergerat-citroen-saxo-1-1l-jg02\/"},"modified":"2023-10-31T00:58:07","modified_gmt":"2023-10-31T00:58:07","slug":"s8a6pfe07-motorsteuergerat-citroen-saxo-1-1l-jg02","status":"publish","type":"product","link":"https:\/\/occasions-teile.ch\/en\/produkt\/s8a6pfe07-motorsteuergerat-citroen-saxo-1-1l-jg02\/","title":{"rendered":"S8A6PFE07 Motorsteuerger\u00e4t Citroen Saxo 1.1l JG02"},"content":{"rendered":"<p>Technische Daten<\/p>\n<p>Ersatzteil: Motorsteuerger\u00e4t f\u00fcr andere Fahrzeugen (Marken) verf\u00fcgbar auf anfrage. Tel.041 980 27 47.  Mobil. 076 589 27 47<br \/>\nCode: <\/p>\n<p>Fahrzeug:  Citroen Saxo 1.1L 5T\u00fcre Limo<br \/>\nBaujahr:     2002<br \/>\nKilometer:  102000 Km<br \/>\nLeistung:    44 KW 60 PS<br \/>\nHubraum:   1100 ccm<br \/>\nTyp:            1CD549<br \/>\nHinweise: Das Ersatzteil wurde gepr\u00fcft und ist selbstverst\u00e4ndlich voll funktionst\u00fcchtig!<\/p>\n<p>Versand: Versand nur in der Schweiz m\u00f6glich. Im Ausland ist der Transport k\u00e4uferseits.<br \/>\nGarantie: 3 Monate Garantie. Bitte beachten Sie, dass die Gew\u00e4hrleistung nur g\u00fcltig ist, wenn der Ersatzteileinbau durch eine Fachwerkstatt\/Meisterwerkstatt erfolgt. Das Ein- und Ausbau des Ersatzteiles kann nicht an uns verrechnet werden. <\/p>\n<p>Kontakt<br \/>\nAdresse: Autoverwertung Brun AG<br \/>\nM\u00f6\u00f6slimatten 13<br \/>\n6218 Ettiswil<br \/>\nTelefon: 0041 (041) 980 27 47<br \/>\nTelefax: 0041 (041) 980 03 47<\/p>\n<p>Wir bieten Ihnen weitere gebrauchte Autoteile zum Kauf an.<\/p>\n","protected":false},"excerpt":{"rendered":"<p>Technische Daten Ersatzteil: Motorsteuerger\u00e4t f\u00fcr andere Fahrzeugen (Marken) verf\u00fcgbar auf anfrage. Tel.041 980 27 47. Mobil. 076 589 27 47 Code: Fahrzeug: Citroen Saxo 1.1L 5T\u00fcre Limo Baujahr: 2002 Kilometer: 102000 Km Leistung: 44 KW 60 PS Hubraum: 1100 ccm Typ: 1CD549 Hinweise: Das Ersatzteil wurde gepr\u00fcft und ist selbstverst\u00e4ndlich voll funktionst\u00fcchtig! Versand: Versand nur&hellip; <a class=\"more-link\" href=\"https:\/\/occasions-teile.ch\/en\/produkt\/s8a6pfe07-motorsteuergerat-citroen-saxo-1-1l-jg02\/\">Continue reading <span class=\"screen-reader-text\">S8A6PFE07 Motorsteuerger\u00e4t Citroen Saxo 1.1l JG02<\/span><\/a><\/p>\n","protected":false},"featured_media":112066,"template":"","meta":[],"product_brand":[],"product_cat":[3005,496,494,495,5501],"product_tag":[],"class_list":{"0":"post-112068","1":"product","2":"type-product","3":"status-publish","4":"has-post-thumbnail","6":"product_cat-de_citroen","7":"product_cat-de-motor-de-motor-de-motor","8":"product_cat-de-motor","9":"product_cat-de-motor-de-motor","10":"product_cat-de_slug_citroen_saxo_880","11":"product_shipping_class-tarif-4","12":"entry","14":"first","15":"instock","16":"sold-individually","17":"taxable","18":"shipping-taxable","19":"purchasable","20":"product-type-simple"},"jetpack_sharing_enabled":true,"_links":{"self":[{"href":"https:\/\/occasions-teile.ch\/en\/wp-json\/wp\/v2\/product\/112068","targetHints":{"allow":["GET"]}}],"collection":[{"href":"https:\/\/occasions-teile.ch\/en\/wp-json\/wp\/v2\/product"}],"about":[{"href":"https:\/\/occasions-teile.ch\/en\/wp-json\/wp\/v2\/types\/product"}],"wp:featuredmedia":[{"embeddable":true,"href":"https:\/\/occasions-teile.ch\/en\/wp-json\/wp\/v2\/media\/112066"}],"wp:attachment":[{"href":"https:\/\/occasions-teile.ch\/en\/wp-json\/wp\/v2\/media?parent=112068"}],"wp:term":[{"taxonomy":"product_brand","embeddable":true,"href":"https:\/\/occasions-teile.ch\/en\/wp-json\/wp\/v2\/product_brand?post=112068"},{"taxonomy":"product_cat","embeddable":true,"href":"https:\/\/occasions-teile.ch\/en\/wp-json\/wp\/v2\/product_cat?post=112068"},{"taxonomy":"product_tag","embeddable":true,"href":"https:\/\/occasions-teile.ch\/en\/wp-json\/wp\/v2\/product_tag?post=112068"}],"curies":[{"name":"wp","href":"https:\/\/api.w.org\/{rel}","templated":true}]}}