{"id":111432,"date":"2023-10-30T23:48:18","date_gmt":"2023-10-30T23:48:18","guid":{"rendered":"https:\/\/occasions-teile.ch\/product\/1036401199-getriebe-citroen-xantia-jg-94\/"},"modified":"2023-10-30T23:48:18","modified_gmt":"2023-10-30T23:48:18","slug":"1036401199-getriebe-citroen-xantia-jg-94","status":"publish","type":"product","link":"https:\/\/occasions-teile.ch\/en\/produkt\/1036401199-getriebe-citroen-xantia-jg-94\/","title":{"rendered":"1036401199 Getriebe Citroen Xantia JG 94"},"content":{"rendered":"<p>Technische Daten<\/p>\n<p>Ersatzteil: Getriebe f\u00fcr andere Fahrzeuge (Marken) verf\u00fcgbar auf anfrage: 041 980 27 47<br \/>\nCode:       1036401199<\/p>\n<p>Fahrzeug: Citroen Xantia<br \/>\nBaujahr:    1994<br \/>\nKilometer:  Km<br \/>\nLeistung:   KW PS<br \/>\nHubraum:   ccm <\/p>\n<p>Hinweise: Das Ersatzteil wurde gepr\u00fcft und ist selbstverst\u00e4ndlich voll funktionst\u00fcchtig!<\/p>\n<p>Versand: Versand nur in der Schweiz m\u00f6glich. Im Ausland ist der Transport k\u00e4uferseits.<br \/>\nGarantie: 3 Monate Garantie. Bitte beachten Sie, dass die Gew\u00e4hrleistung nur g\u00fcltig ist, wenn der Ersatzteileinbau durch eine Fachwerkstatt\/Meisterwerkstatt erfolgt. Das Ein- und Ausbau des Ersatzteiles kann nicht an uns verrechnet werden. <\/p>\n<p>Kontakt<br \/>\nAdresse: Autoverwertung Brun AG<br \/>\nM\u00f6\u00f6slimatten 13<br \/>\n6218 Ettiswil<br \/>\nTelefon: 0041 (041) 980 27 47<br \/>\nTelefax: 0041 (041) 980 03 47<\/p>\n<p>E-Mail:<br \/>\nWeb:<br \/>\nWir bieten Ihnen weitere gebrauchte Autoteile zum Kauf an. <\/p>\n<p>Der Preis ist verhandelbar.<\/p>\n","protected":false},"excerpt":{"rendered":"<p>Technische Daten Ersatzteil: Getriebe f\u00fcr andere Fahrzeuge (Marken) verf\u00fcgbar auf anfrage: 041 980 27 47 Code: 1036401199 Fahrzeug: Citroen Xantia Baujahr: 1994 Kilometer: Km Leistung: KW PS Hubraum: ccm Hinweise: Das Ersatzteil wurde gepr\u00fcft und ist selbstverst\u00e4ndlich voll funktionst\u00fcchtig! Versand: Versand nur in der Schweiz m\u00f6glich. Im Ausland ist der Transport k\u00e4uferseits. Garantie: 3 Monate&hellip; <a class=\"more-link\" href=\"https:\/\/occasions-teile.ch\/en\/produkt\/1036401199-getriebe-citroen-xantia-jg-94\/\">Continue reading <span class=\"screen-reader-text\">1036401199 Getriebe Citroen Xantia JG 94<\/span><\/a><\/p>\n","protected":false},"featured_media":111430,"template":"","meta":[],"product_brand":[],"product_cat":[3005,648,650,649,5537],"product_tag":[],"class_list":{"0":"post-111432","1":"product","2":"type-product","3":"status-publish","4":"has-post-thumbnail","6":"product_cat-de_citroen","7":"product_cat-de-getriebe-antrieb","8":"product_cat-de-schaltgetriebe-de-schaltgetriebe","9":"product_cat-de-schaltgetriebe","10":"product_cat-de_slug_citroen_xantia_533","11":"product_shipping_class-tarif-4","12":"entry","14":"first","15":"instock","16":"sold-individually","17":"taxable","18":"shipping-taxable","19":"purchasable","20":"product-type-simple"},"jetpack_sharing_enabled":true,"_links":{"self":[{"href":"https:\/\/occasions-teile.ch\/en\/wp-json\/wp\/v2\/product\/111432","targetHints":{"allow":["GET"]}}],"collection":[{"href":"https:\/\/occasions-teile.ch\/en\/wp-json\/wp\/v2\/product"}],"about":[{"href":"https:\/\/occasions-teile.ch\/en\/wp-json\/wp\/v2\/types\/product"}],"wp:featuredmedia":[{"embeddable":true,"href":"https:\/\/occasions-teile.ch\/en\/wp-json\/wp\/v2\/media\/111430"}],"wp:attachment":[{"href":"https:\/\/occasions-teile.ch\/en\/wp-json\/wp\/v2\/media?parent=111432"}],"wp:term":[{"taxonomy":"product_brand","embeddable":true,"href":"https:\/\/occasions-teile.ch\/en\/wp-json\/wp\/v2\/product_brand?post=111432"},{"taxonomy":"product_cat","embeddable":true,"href":"https:\/\/occasions-teile.ch\/en\/wp-json\/wp\/v2\/product_cat?post=111432"},{"taxonomy":"product_tag","embeddable":true,"href":"https:\/\/occasions-teile.ch\/en\/wp-json\/wp\/v2\/product_tag?post=111432"}],"curies":[{"name":"wp","href":"https:\/\/api.w.org\/{rel}","templated":true}]}}