{"id":110896,"date":"2023-10-30T22:20:45","date_gmt":"2023-10-30T22:20:45","guid":{"rendered":"https:\/\/occasions-teile.ch\/product\/9633292480-anlasser-starter-citroen-saxo-1-1l-jg02\/"},"modified":"2023-10-30T22:20:45","modified_gmt":"2023-10-30T22:20:45","slug":"9633292480-anlasser-starter-citroen-saxo-1-1l-jg02","status":"publish","type":"product","link":"https:\/\/occasions-teile.ch\/en\/produkt\/9633292480-anlasser-starter-citroen-saxo-1-1l-jg02\/","title":{"rendered":"9633292480 Anlasser Starter Citroen Saxo 1.1l JG02"},"content":{"rendered":"<p>Technische Daten<\/p>\n<p>Ersatzteil: Anlasser f\u00fcr andere Fahrzeugen (Marken) verf\u00fcgbar auf anfrage. Tel.041 980 27 47.  Mobil. 076 589 27 47<br \/>\nCode: <\/p>\n<p>Fahrzeug:  Citroen Saxo 1.1L 5T\u00fcre Limo<br \/>\nBaujahr:     2002<br \/>\nKilometer:  102000 Km<br \/>\nLeistung:    44 KW 60 PS<br \/>\nHubraum:   1100 ccm<br \/>\nTyp:            1CD549<br \/>\nHinweise: Das Ersatzteil wurde gepr\u00fcft und ist selbstverst\u00e4ndlich voll funktionst\u00fcchtig!<\/p>\n<p>Versand: Versand nur in der Schweiz m\u00f6glich. Im Ausland ist der Transport k\u00e4uferseits.<br \/>\nGarantie: 3 Monate Garantie. Bitte beachten Sie, dass die Gew\u00e4hrleistung nur g\u00fcltig ist, wenn der Ersatzteileinbau durch eine Fachwerkstatt\/Meisterwerkstatt erfolgt. Das Ein- und Ausbau des Ersatzteiles kann nicht an uns verrechnet werden. <\/p>\n<p>Kontakt<br \/>\nAdresse: Autoverwertung Brun AG<br \/>\nM\u00f6\u00f6slimatten 13<br \/>\n6218 Ettiswil<br \/>\nTelefon: 0041 (041) 980 27 47<br \/>\nTelefax: 0041 (041) 980 03 47<\/p>\n<p>Wir bieten Ihnen weitere gebrauchte Autoteile zum Kauf an.<\/p>\n","protected":false},"excerpt":{"rendered":"<p>Technische Daten Ersatzteil: Anlasser f\u00fcr andere Fahrzeugen (Marken) verf\u00fcgbar auf anfrage. Tel.041 980 27 47. Mobil. 076 589 27 47 Code: Fahrzeug: Citroen Saxo 1.1L 5T\u00fcre Limo Baujahr: 2002 Kilometer: 102000 Km Leistung: 44 KW 60 PS Hubraum: 1100 ccm Typ: 1CD549 Hinweise: Das Ersatzteil wurde gepr\u00fcft und ist selbstverst\u00e4ndlich voll funktionst\u00fcchtig! Versand: Versand nur&hellip; <a class=\"more-link\" href=\"https:\/\/occasions-teile.ch\/en\/produkt\/9633292480-anlasser-starter-citroen-saxo-1-1l-jg02\/\">Continue reading <span class=\"screen-reader-text\">9633292480 Anlasser Starter Citroen Saxo 1.1l JG02<\/span><\/a><\/p>\n","protected":false},"featured_media":110894,"template":"","meta":[],"product_brand":[],"product_cat":[693,694,3005,621,5501],"product_tag":[],"class_list":{"0":"post-110896","1":"product","2":"type-product","3":"status-publish","4":"has-post-thumbnail","6":"product_cat-de-anlasser","7":"product_cat-de-anlasser-de-anlasser","8":"product_cat-de_citroen","9":"product_cat-de-elektrik-steuergeraete","10":"product_cat-de_slug_citroen_saxo_880","11":"product_shipping_class-tarif-2","12":"entry","14":"first","15":"instock","16":"sold-individually","17":"taxable","18":"shipping-taxable","19":"purchasable","20":"product-type-simple"},"jetpack_sharing_enabled":true,"_links":{"self":[{"href":"https:\/\/occasions-teile.ch\/en\/wp-json\/wp\/v2\/product\/110896","targetHints":{"allow":["GET"]}}],"collection":[{"href":"https:\/\/occasions-teile.ch\/en\/wp-json\/wp\/v2\/product"}],"about":[{"href":"https:\/\/occasions-teile.ch\/en\/wp-json\/wp\/v2\/types\/product"}],"wp:featuredmedia":[{"embeddable":true,"href":"https:\/\/occasions-teile.ch\/en\/wp-json\/wp\/v2\/media\/110894"}],"wp:attachment":[{"href":"https:\/\/occasions-teile.ch\/en\/wp-json\/wp\/v2\/media?parent=110896"}],"wp:term":[{"taxonomy":"product_brand","embeddable":true,"href":"https:\/\/occasions-teile.ch\/en\/wp-json\/wp\/v2\/product_brand?post=110896"},{"taxonomy":"product_cat","embeddable":true,"href":"https:\/\/occasions-teile.ch\/en\/wp-json\/wp\/v2\/product_cat?post=110896"},{"taxonomy":"product_tag","embeddable":true,"href":"https:\/\/occasions-teile.ch\/en\/wp-json\/wp\/v2\/product_tag?post=110896"}],"curies":[{"name":"wp","href":"https:\/\/api.w.org\/{rel}","templated":true}]}}