{"id":110506,"date":"2023-10-30T21:16:07","date_gmt":"2023-10-30T21:16:07","guid":{"rendered":"https:\/\/occasions-teile.ch\/product\/7700111289-klimakompressor-renault-espace-2-0l-16v-jg01\/"},"modified":"2023-10-30T21:16:07","modified_gmt":"2023-10-30T21:16:07","slug":"7700111289-klimakompressor-renault-espace-2-0l-16v-jg01","status":"publish","type":"product","link":"https:\/\/occasions-teile.ch\/en\/produkt\/7700111289-klimakompressor-renault-espace-2-0l-16v-jg01\/","title":{"rendered":"7700111289 Klimakompressor Renault Espace 2.0l 16v JG01"},"content":{"rendered":"<p>Technische Daten<\/p>\n<p>Ersatzteil:   Klimakompressor f\u00fcr andere Fahrzeugen (Marken) verf\u00fcgbar auf anfrage. Tel.041 980 27 47.                                                 Mobil.        076 589 27 47<br \/>\nCode:        (Motor NR. F4RB7)   (Automat NR. 7700600573  FAC.TA96)<\/p>\n<p>Fahrzeug:   Renault Espace 2.0l 16V Automat<br \/>\nBaujahr:      2001<br \/>\nKilometer:   157000 Km<br \/>\nLeistung:     103KW 140PS<br \/>\nHubraum:    2000 ccm<br \/>\nTyp:             1RA346<br \/>\nHinweise: Das Ersatzteil wurde gepr\u00fcft und ist selbstverst\u00e4ndlich voll funktionst\u00fcchtig!<\/p>\n<p>Versand: Versand nur in der Schweiz m\u00f6glich. Im Ausland ist der Transport k\u00e4uferseits.<br \/>\nGarantie: 3 Monate Garantie. Bitte beachten Sie, dass die Gew\u00e4hrleistung nur g\u00fcltig ist, wenn der Ersatzteileinbau durch eine Fachwerkstatt\/Meisterwerkstatt erfolgt. Das Ein- und Ausbau des Ersatzteiles kann nicht an uns verrechnet werden. <\/p>\n<p>Kontakt<br \/>\nAdresse: Autoverwertung Brun AG<br \/>\nM\u00f6\u00f6slimatten 13<br \/>\n6218 Ettiswil<br \/>\nTelefon: 0041 (041) 980 27 47<br \/>\nTelefax: 0041 (041) 980 03 47<\/p>\n<p>E-Mail:<br \/>\nWeb:<br \/>\nWir bieten Ihnen weitere gebrauchte Autoteile zum Kauf an. <\/p>\n<p>Der Preis ist verhandelbar.<\/p>\n","protected":false},"excerpt":{"rendered":"<p>Technische Daten Ersatzteil: Klimakompressor f\u00fcr andere Fahrzeugen (Marken) verf\u00fcgbar auf anfrage. Tel.041 980 27 47. Mobil. 076 589 27 47 Code: (Motor NR. F4RB7) (Automat NR. 7700600573 FAC.TA96) Fahrzeug: Renault Espace 2.0l 16V Automat Baujahr: 2001 Kilometer: 157000 Km Leistung: 103KW 140PS Hubraum: 2000 ccm Typ: 1RA346 Hinweise: Das Ersatzteil wurde gepr\u00fcft und ist selbstverst\u00e4ndlich&hellip; <a class=\"more-link\" href=\"https:\/\/occasions-teile.ch\/en\/produkt\/7700111289-klimakompressor-renault-espace-2-0l-16v-jg01\/\">Continue reading <span class=\"screen-reader-text\">7700111289 Klimakompressor Renault Espace 2.0l 16v JG01<\/span><\/a><\/p>\n","protected":false},"featured_media":110505,"template":"","meta":[],"product_brand":[],"product_cat":[3533,711,713,712,2433],"product_tag":[],"class_list":{"0":"post-110506","1":"product","2":"type-product","3":"status-publish","4":"has-post-thumbnail","6":"product_cat-de_slug_renault_espace_66","7":"product_cat-de-heizung-klima","8":"product_cat-de-kompressor-klima","9":"product_cat-de-kompressorklima","10":"product_cat-de_renault","11":"product_shipping_class-tarif-2","12":"entry","14":"first","15":"instock","16":"sold-individually","17":"taxable","18":"shipping-taxable","19":"purchasable","20":"product-type-simple"},"jetpack_sharing_enabled":true,"_links":{"self":[{"href":"https:\/\/occasions-teile.ch\/en\/wp-json\/wp\/v2\/product\/110506","targetHints":{"allow":["GET"]}}],"collection":[{"href":"https:\/\/occasions-teile.ch\/en\/wp-json\/wp\/v2\/product"}],"about":[{"href":"https:\/\/occasions-teile.ch\/en\/wp-json\/wp\/v2\/types\/product"}],"wp:featuredmedia":[{"embeddable":true,"href":"https:\/\/occasions-teile.ch\/en\/wp-json\/wp\/v2\/media\/110505"}],"wp:attachment":[{"href":"https:\/\/occasions-teile.ch\/en\/wp-json\/wp\/v2\/media?parent=110506"}],"wp:term":[{"taxonomy":"product_brand","embeddable":true,"href":"https:\/\/occasions-teile.ch\/en\/wp-json\/wp\/v2\/product_brand?post=110506"},{"taxonomy":"product_cat","embeddable":true,"href":"https:\/\/occasions-teile.ch\/en\/wp-json\/wp\/v2\/product_cat?post=110506"},{"taxonomy":"product_tag","embeddable":true,"href":"https:\/\/occasions-teile.ch\/en\/wp-json\/wp\/v2\/product_tag?post=110506"}],"curies":[{"name":"wp","href":"https:\/\/api.w.org\/{rel}","templated":true}]}}