{"id":110206,"date":"2023-10-30T20:34:48","date_gmt":"2023-10-30T20:34:48","guid":{"rendered":"https:\/\/occasions-teile.ch\/product\/0001109021-anlasser-audi-a6-2-5tdi-jg03\/"},"modified":"2023-10-30T20:34:48","modified_gmt":"2023-10-30T20:34:48","slug":"0001109021-anlasser-audi-a6-2-5tdi-jg03","status":"publish","type":"product","link":"https:\/\/occasions-teile.ch\/en\/produkt\/0001109021-anlasser-audi-a6-2-5tdi-jg03\/","title":{"rendered":"0001109021 Anlasser Audi A6 2.5TDI JG03"},"content":{"rendered":"<p>Technische Daten<\/p>\n<p>Ersatzteil:  Anlasser f\u00fcr andere Fahrzeuge (Marken) verf\u00fcgbar auf anfrage. Tel: 041 980 27 47<br \/>\nCode: <\/p>\n<p>Fahrzeug:   Audi A6 2.5 TDI<br \/>\nBaujahr:       2003<br \/>\nKilometer:    169000 Km<br \/>\nLeistung:      132KW 180PS<br \/>\nHubraum:     2500 ccm<br \/>\nTyp:              1AB903<br \/>\nHinweise: Das Ersatzteil wurde gepr\u00fcft und ist selbstverst\u00e4ndlich voll funktionst\u00fcchtig!<\/p>\n<p>Versand: Versand nur in der Schweiz m\u00f6glich. Im Ausland ist der Transport k\u00e4uferseits.<br \/>\nGarantie: 3 Monate Garantie. Bitte beachten Sie, dass die Gew\u00e4hrleistung nur g\u00fcltig ist, wenn der Ersatzteileinbau durch eine Fachwerkstatt\/Meisterwerkstatt erfolgt. Das Ein- und Ausbau des Ersatzteiles kann nicht an uns verrechnet werden. <\/p>\n<p>Kontakt<br \/>\nAdresse: Autoverwertung Brun AG<br \/>\nM\u00f6\u00f6slimatten 13<br \/>\n6218 Ettiswil<br \/>\nTelefon: 0041 (041) 980 27 47<br \/>\nTelefax: 0041 (041) 980 03 47<\/p>\n<p>E-Mail:<br \/>\nWeb:<br \/>\nWir bieten Ihnen weitere gebrauchte Autoteile zum Kauf an. <\/p>\n<p>Der Preis ist verhandelbar.<\/p>\n","protected":false},"excerpt":{"rendered":"<p>Technische Daten Ersatzteil: Anlasser f\u00fcr andere Fahrzeuge (Marken) verf\u00fcgbar auf anfrage. Tel: 041 980 27 47 Code: Fahrzeug: Audi A6 2.5 TDI Baujahr: 2003 Kilometer: 169000 Km Leistung: 132KW 180PS Hubraum: 2500 ccm Typ: 1AB903 Hinweise: Das Ersatzteil wurde gepr\u00fcft und ist selbstverst\u00e4ndlich voll funktionst\u00fcchtig! Versand: Versand nur in der Schweiz m\u00f6glich. Im Ausland ist&hellip; <a class=\"more-link\" href=\"https:\/\/occasions-teile.ch\/en\/produkt\/0001109021-anlasser-audi-a6-2-5tdi-jg03\/\">Continue reading <span class=\"screen-reader-text\">0001109021 Anlasser Audi A6 2.5TDI JG03<\/span><\/a><\/p>\n","protected":false},"featured_media":110205,"template":"","meta":[],"product_brand":[],"product_cat":[2469,693,694,458,621],"product_tag":[],"class_list":{"0":"post-110206","1":"product","2":"type-product","3":"status-publish","4":"has-post-thumbnail","6":"product_cat-de_a6","7":"product_cat-de-anlasser","8":"product_cat-de-anlasser-de-anlasser","9":"product_cat-de_audi","10":"product_cat-de-elektrik-steuergeraete","11":"product_shipping_class-tarif-2","12":"entry","14":"first","15":"instock","16":"sold-individually","17":"taxable","18":"shipping-taxable","19":"purchasable","20":"product-type-simple"},"jetpack_sharing_enabled":true,"_links":{"self":[{"href":"https:\/\/occasions-teile.ch\/en\/wp-json\/wp\/v2\/product\/110206","targetHints":{"allow":["GET"]}}],"collection":[{"href":"https:\/\/occasions-teile.ch\/en\/wp-json\/wp\/v2\/product"}],"about":[{"href":"https:\/\/occasions-teile.ch\/en\/wp-json\/wp\/v2\/types\/product"}],"wp:featuredmedia":[{"embeddable":true,"href":"https:\/\/occasions-teile.ch\/en\/wp-json\/wp\/v2\/media\/110205"}],"wp:attachment":[{"href":"https:\/\/occasions-teile.ch\/en\/wp-json\/wp\/v2\/media?parent=110206"}],"wp:term":[{"taxonomy":"product_brand","embeddable":true,"href":"https:\/\/occasions-teile.ch\/en\/wp-json\/wp\/v2\/product_brand?post=110206"},{"taxonomy":"product_cat","embeddable":true,"href":"https:\/\/occasions-teile.ch\/en\/wp-json\/wp\/v2\/product_cat?post=110206"},{"taxonomy":"product_tag","embeddable":true,"href":"https:\/\/occasions-teile.ch\/en\/wp-json\/wp\/v2\/product_tag?post=110206"}],"curies":[{"name":"wp","href":"https:\/\/api.w.org\/{rel}","templated":true}]}}