{"id":108969,"date":"2023-10-30T18:42:03","date_gmt":"2023-10-30T18:42:03","guid":{"rendered":"https:\/\/occasions-teile.ch\/product\/antriebswelle-vw-golf-5fsi-16l-jg05\/"},"modified":"2023-10-30T18:42:03","modified_gmt":"2023-10-30T18:42:03","slug":"antriebswelle-vw-golf-5fsi-16l-jg05","status":"publish","type":"product","link":"https:\/\/occasions-teile.ch\/en\/produkt\/antriebswelle-vw-golf-5fsi-16l-jg05\/","title":{"rendered":"Antriebswelle VW Golf 5FSI 1,6l JG05"},"content":{"rendered":"<p>Technische Daten<\/p>\n<p>Ersatzteil: Antriebswellen f\u00fcr andere Fahrzeuge (Marken) verf\u00fcgbar auf anfrage: Tel. 041 980 27 47<br \/>\nCode: <\/p>\n<p>Fahrzeug:  VW Golf 5 FSI<br \/>\nBaujahr:     04.08.2005<br \/>\nKilometer:  119000 Km<br \/>\nLeistung:    85KW 115PS<br \/>\nHubraum:   1598 ccm<br \/>\nTyp:            1VD252<br \/>\nHinweise: Das Ersatzteil wurde gepr\u00fcft und ist selbstverst\u00e4ndlich voll funktionst\u00fcchtig!<\/p>\n<p>Versand: Versand nur in der Schweiz m\u00f6glich. Im Ausland ist der Transport k\u00e4uferseits.<br \/>\nGarantie: 3 Monate Garantie. Bitte beachten Sie, dass die Gew\u00e4hrleistung nur g\u00fcltig ist, wenn der Ersatzteileinbau durch eine Fachwerkstatt\/Meisterwerkstatt erfolgt. Das Ein- und Ausbau des Ersatzteiles kann nicht an uns verrechnet werden. <\/p>\n<p>Kontakt<br \/>\nAdresse: Autoverwertung Brun AG<br \/>\nM\u00f6\u00f6slimatten 13<br \/>\n6218 Ettiswil<br \/>\nTelefon: 0041 (041) 980 27 47<br \/>\nTelefax: 0041 (041) 980 03 47<\/p>\n<p>E-Mail:<br \/>\nWeb:<br \/>\nWir bieten Ihnen weitere gebrauchte Autoteile zum Kauf an. <\/p>\n<p>Der Preis ist verhandelbar.<\/p>\n","protected":false},"excerpt":{"rendered":"<p>Technische Daten Ersatzteil: Antriebswellen f\u00fcr andere Fahrzeuge (Marken) verf\u00fcgbar auf anfrage: Tel. 041 980 27 47 Code: Fahrzeug: VW Golf 5 FSI Baujahr: 04.08.2005 Kilometer: 119000 Km Leistung: 85KW 115PS Hubraum: 1598 ccm Typ: 1VD252 Hinweise: Das Ersatzteil wurde gepr\u00fcft und ist selbstverst\u00e4ndlich voll funktionst\u00fcchtig! Versand: Versand nur in der Schweiz m\u00f6glich. Im Ausland ist&hellip; <a class=\"more-link\" href=\"https:\/\/occasions-teile.ch\/en\/produkt\/antriebswelle-vw-golf-5fsi-16l-jg05\/\">Continue reading <span class=\"screen-reader-text\">Antriebswelle VW Golf 5FSI 1,6l JG05<\/span><\/a><\/p>\n","protected":false},"featured_media":108967,"template":"","meta":[],"product_brand":[],"product_cat":[1089,783,648,1281,1280],"product_tag":[],"class_list":{"0":"post-108969","1":"product","2":"type-product","3":"status-publish","4":"has-post-thumbnail","6":"product_cat-de-antriebswelle-hinten-links","7":"product_cat-de-antriebswellen","8":"product_cat-de-getriebe-antrieb","9":"product_cat-de_golf","10":"product_cat-de_volkswagen","11":"product_shipping_class-tarif-2","12":"entry","14":"first","15":"instock","16":"sold-individually","17":"taxable","18":"shipping-taxable","19":"purchasable","20":"product-type-simple"},"jetpack_sharing_enabled":true,"_links":{"self":[{"href":"https:\/\/occasions-teile.ch\/en\/wp-json\/wp\/v2\/product\/108969","targetHints":{"allow":["GET"]}}],"collection":[{"href":"https:\/\/occasions-teile.ch\/en\/wp-json\/wp\/v2\/product"}],"about":[{"href":"https:\/\/occasions-teile.ch\/en\/wp-json\/wp\/v2\/types\/product"}],"wp:featuredmedia":[{"embeddable":true,"href":"https:\/\/occasions-teile.ch\/en\/wp-json\/wp\/v2\/media\/108967"}],"wp:attachment":[{"href":"https:\/\/occasions-teile.ch\/en\/wp-json\/wp\/v2\/media?parent=108969"}],"wp:term":[{"taxonomy":"product_brand","embeddable":true,"href":"https:\/\/occasions-teile.ch\/en\/wp-json\/wp\/v2\/product_brand?post=108969"},{"taxonomy":"product_cat","embeddable":true,"href":"https:\/\/occasions-teile.ch\/en\/wp-json\/wp\/v2\/product_cat?post=108969"},{"taxonomy":"product_tag","embeddable":true,"href":"https:\/\/occasions-teile.ch\/en\/wp-json\/wp\/v2\/product_tag?post=108969"}],"curies":[{"name":"wp","href":"https:\/\/api.w.org\/{rel}","templated":true}]}}