{"id":108498,"date":"2023-10-30T11:00:19","date_gmt":"2023-10-30T11:00:19","guid":{"rendered":"https:\/\/occasions-teile.ch\/product\/m272-977-motor-mercedes-e320-3-2l-v6-bj04\/"},"modified":"2023-10-30T11:00:19","modified_gmt":"2023-10-30T11:00:19","slug":"m272-977-motor-mercedes-e320-3-2l-v6-bj04","status":"publish","type":"product","link":"https:\/\/occasions-teile.ch\/en\/produkt\/m272-977-motor-mercedes-e320-3-2l-v6-bj04\/","title":{"rendered":"M272.977 Motor Mercedes E320 3.2l V6 BJ04"},"content":{"rendered":"<p>Technische Daten<br \/>\n11294931  M272977<br \/>\nErsatzteil: Motoren f\u00fcr andere Fahrzeugen (Marken) verf\u00fcgbar auf anfrage Tel:041 980 27 47<br \/>\nCode:       11294931<\/p>\n<p>Fahrzeug:  Mercedes E320<br \/>\nBaujahr:     2004<br \/>\nKilometer:  115000 Km<br \/>\nLeistung:   KW PS<br \/>\nHubraum:  3200 ccm<br \/>\nTyp:           1MC965<br \/>\nHinweise: Das Ersatzteil wurde gepr\u00fcft und ist selbstverst\u00e4ndlich voll funktionst\u00fcchtig!<\/p>\n<p>Versand: Versand nur in der Schweiz m\u00f6glich. Im Ausland ist der Transport k\u00e4uferseits.<br \/>\nGarantie: 3 Monate Garantie. Bitte beachten Sie, dass die Gew\u00e4hrleistung nur g\u00fcltig ist, wenn der Ersatzteileinbau durch eine Fachwerkstatt\/Meisterwerkstatt erfolgt. Das Ein- und Ausbau des Ersatzteiles kann nicht an uns verrechnet werden. <\/p>\n<p>Kontakt<br \/>\nAdresse: Autoverwertung Brun AG<br \/>\nM\u00f6\u00f6slimatten 13<br \/>\n6218 Ettiswil<br \/>\nTelefon: 0041 (041) 980 27 47<br \/>\nTelefax: 0041 (041) 980 03 47<\/p>\n<p>E-Mail:<br \/>\nWeb:<br \/>\nWir bieten Ihnen weitere gebrauchte Autoteile zum Kauf an. <\/p>\n<p>Der Preis ist verhandelbar.<\/p>\n","protected":false},"excerpt":{"rendered":"<p>Technische Daten 11294931 M272977 Ersatzteil: Motoren f\u00fcr andere Fahrzeugen (Marken) verf\u00fcgbar auf anfrage Tel:041 980 27 47 Code: 11294931 Fahrzeug: Mercedes E320 Baujahr: 2004 Kilometer: 115000 Km Leistung: KW PS Hubraum: 3200 ccm Typ: 1MC965 Hinweise: Das Ersatzteil wurde gepr\u00fcft und ist selbstverst\u00e4ndlich voll funktionst\u00fcchtig! Versand: Versand nur in der Schweiz m\u00f6glich. Im Ausland ist&hellip; <a class=\"more-link\" href=\"https:\/\/occasions-teile.ch\/en\/produkt\/m272-977-motor-mercedes-e320-3-2l-v6-bj04\/\">Continue reading <span class=\"screen-reader-text\">M272.977 Motor Mercedes E320 3.2l V6 BJ04<\/span><\/a><\/p>\n","protected":false},"featured_media":108489,"template":"","meta":[],"product_brand":[],"product_cat":[494,495,496],"product_tag":[],"class_list":{"0":"post-108498","1":"product","2":"type-product","3":"status-publish","4":"has-post-thumbnail","6":"product_cat-de-motor","7":"product_cat-de-motor-de-motor","8":"product_cat-de-motor-de-motor-de-motor","9":"product_shipping_class-tarif-4","10":"entry","12":"first","13":"instock","14":"sold-individually","15":"taxable","16":"shipping-taxable","17":"purchasable","18":"product-type-simple"},"jetpack_sharing_enabled":true,"_links":{"self":[{"href":"https:\/\/occasions-teile.ch\/en\/wp-json\/wp\/v2\/product\/108498","targetHints":{"allow":["GET"]}}],"collection":[{"href":"https:\/\/occasions-teile.ch\/en\/wp-json\/wp\/v2\/product"}],"about":[{"href":"https:\/\/occasions-teile.ch\/en\/wp-json\/wp\/v2\/types\/product"}],"wp:featuredmedia":[{"embeddable":true,"href":"https:\/\/occasions-teile.ch\/en\/wp-json\/wp\/v2\/media\/108489"}],"wp:attachment":[{"href":"https:\/\/occasions-teile.ch\/en\/wp-json\/wp\/v2\/media?parent=108498"}],"wp:term":[{"taxonomy":"product_brand","embeddable":true,"href":"https:\/\/occasions-teile.ch\/en\/wp-json\/wp\/v2\/product_brand?post=108498"},{"taxonomy":"product_cat","embeddable":true,"href":"https:\/\/occasions-teile.ch\/en\/wp-json\/wp\/v2\/product_cat?post=108498"},{"taxonomy":"product_tag","embeddable":true,"href":"https:\/\/occasions-teile.ch\/en\/wp-json\/wp\/v2\/product_tag?post=108498"}],"curies":[{"name":"wp","href":"https:\/\/api.w.org\/{rel}","templated":true}]}}