{"id":106420,"date":"2023-10-29T20:25:45","date_gmt":"2023-10-29T20:25:45","guid":{"rendered":"https:\/\/occasions-teile.ch\/product\/8785a076-steuergerat-bluetooth-mitsubishi-outlander\/"},"modified":"2023-10-29T20:25:45","modified_gmt":"2023-10-29T20:25:45","slug":"8785a076-steuergerat-bluetooth-mitsubishi-outlander","status":"publish","type":"product","link":"https:\/\/occasions-teile.ch\/en\/produkt\/8785a076-steuergerat-bluetooth-mitsubishi-outlander\/","title":{"rendered":"8785A076 Steuerger\u00e4t Bluetooth Mitsubishi Outlander"},"content":{"rendered":"<p>Technische Daten<\/p>\n<p>Fahrzeug: Mitsubishi Outlander 2.2d<br \/>\nChassis Nr.: JMBXLGF6WGZ403999<br \/>\nBaujahr: 03.05.2016<br \/>\nKilometer: 166224 KM<br \/>\nLeistung: 110 KW 150 PS<br \/>\nHubraum: 2268 ccm<br \/>\nTyp: 1MK595<br \/>\nFarbcode: Blau D14A<br \/>\nHinweise: Das Ersatzteil wurde gepr\u00fcft und ist selbstverst\u00e4ndlich voll funktionst\u00fcchtig!<\/p>\n<p>Versand: Versand nur in der Schweiz m\u00f6glich. Im Ausland ist der Transport k\u00e4uferseits.<br \/>\nGarantie: 3 Monate Garantie. Bitte beachten Sie, dass die Gew\u00e4hrleistung nur g\u00fcltig ist, wenn der Ersatzteileinbau durch eine Fachwerkstatt\/Meisterwerkstatt erfolgt. Das Ein- und Ausbau des Ersatzteiles kann nicht an uns verrechnet werden.<\/p>\n<p>Ersatzteil: f\u00fcr andere Fahrzeugen (Marken) verf\u00fcgbar auf anfrage. Tel.041 980 27 47. Mobil. 076 589 27 47<\/p>\n<p>Kontakt<br \/>\nAdresse: Autoverwertung Brun AG<br \/>\nM\u00f6\u00f6slimatten 13<br \/>\n6218 Ettiswil<br \/>\nTelefon: 0041 (041) 980 27 47<br \/>\nTelefax: 0041 (041) 980 03 47<\/p>\n<p>Wir bieten Ihnen weitere gebrauchte Autoteile zum Kauf an.<\/p>\n","protected":false},"excerpt":{"rendered":"<p>Technische Daten Fahrzeug: Mitsubishi Outlander 2.2d Chassis Nr.: JMBXLGF6WGZ403999 Baujahr: 03.05.2016 Kilometer: 166224 KM Leistung: 110 KW 150 PS Hubraum: 2268 ccm Typ: 1MK595 Farbcode: Blau D14A Hinweise: Das Ersatzteil wurde gepr\u00fcft und ist selbstverst\u00e4ndlich voll funktionst\u00fcchtig! Versand: Versand nur in der Schweiz m\u00f6glich. Im Ausland ist der Transport k\u00e4uferseits. Garantie: 3 Monate Garantie. Bitte&hellip; <a class=\"more-link\" href=\"https:\/\/occasions-teile.ch\/en\/produkt\/8785a076-steuergerat-bluetooth-mitsubishi-outlander\/\">Continue reading <span class=\"screen-reader-text\">8785A076 Steuerger\u00e4t Bluetooth Mitsubishi Outlander<\/span><\/a><\/p>\n","protected":false},"featured_media":106419,"template":"","meta":[],"product_brand":[],"product_cat":[621,2457,4064,6799,6800],"product_tag":[],"class_list":{"0":"post-106420","1":"product","2":"type-product","3":"status-publish","4":"has-post-thumbnail","6":"product_cat-de-elektrik-steuergeraete","7":"product_cat-de_mitsubishi","8":"product_cat-de_slug_mitsubishi_outlander_757","9":"product_cat-kabelbaeumeleitungssaetze","10":"product_cat-steuergeraet","11":"product_shipping_class-tarif-1","12":"entry","14":"first","15":"instock","16":"sold-individually","17":"taxable","18":"shipping-taxable","19":"purchasable","20":"product-type-simple"},"jetpack_sharing_enabled":true,"_links":{"self":[{"href":"https:\/\/occasions-teile.ch\/en\/wp-json\/wp\/v2\/product\/106420","targetHints":{"allow":["GET"]}}],"collection":[{"href":"https:\/\/occasions-teile.ch\/en\/wp-json\/wp\/v2\/product"}],"about":[{"href":"https:\/\/occasions-teile.ch\/en\/wp-json\/wp\/v2\/types\/product"}],"wp:featuredmedia":[{"embeddable":true,"href":"https:\/\/occasions-teile.ch\/en\/wp-json\/wp\/v2\/media\/106419"}],"wp:attachment":[{"href":"https:\/\/occasions-teile.ch\/en\/wp-json\/wp\/v2\/media?parent=106420"}],"wp:term":[{"taxonomy":"product_brand","embeddable":true,"href":"https:\/\/occasions-teile.ch\/en\/wp-json\/wp\/v2\/product_brand?post=106420"},{"taxonomy":"product_cat","embeddable":true,"href":"https:\/\/occasions-teile.ch\/en\/wp-json\/wp\/v2\/product_cat?post=106420"},{"taxonomy":"product_tag","embeddable":true,"href":"https:\/\/occasions-teile.ch\/en\/wp-json\/wp\/v2\/product_tag?post=106420"}],"curies":[{"name":"wp","href":"https:\/\/api.w.org\/{rel}","templated":true}]}}