{"id":106118,"date":"2023-10-29T19:53:28","date_gmt":"2023-10-29T19:53:28","guid":{"rendered":"https:\/\/occasions-teile.ch\/product\/ruckbank-sitzbank-fiat-500\/"},"modified":"2025-02-07T09:58:23","modified_gmt":"2025-02-07T09:58:23","slug":"ruckbank-sitzbank-fiat-500","status":"publish","type":"product","link":"https:\/\/occasions-teile.ch\/en\/produkt\/ruckbank-sitzbank-fiat-500\/","title":{"rendered":"R\u00fcckbank Sitzbank  Fiat 500"},"content":{"rendered":"<p>Technische Daten<\/p>\n<p> Fahrzeug: Fiat 500<br \/>\n Chassis Nr.: ZFA3120000JA20119<br \/>\n Baujahr: 2018<br \/>\n Kilometer: 96758 KM<br \/>\n Leistung: 80 PS<br \/>\n Hubraum: 875 ccm<br \/>\n Typ: 1FC477<br \/>\n Farbcode: &#8211;<br \/>\n Hinweise: &#8211;<\/p>\n<p> Versand: Versand nur in der Schweiz m\u00f6glich.Im Ausland ist der Transport k\u00e4uferseits.<br \/>\n Garantie: 3 Monate Garantie. Bitte beachten Sie, dass die Gew\u00e4hrleistung nur g\u00fcltig ist, wenn der Ersatzteileinbau durch eine Fachwerkstatt\/Meisterwerkstatt erfolgt. Das Ein- und Ausbau des Ersatzteiles kann nicht an uns verrechnet werden. <\/p>\n<p> Ersatzteil: f\u00fcr andere Fahrzeugen (Marken) verf\u00fcgbar auf anfrage. Tel.041 980 27 47. Mobil. 076 589 27 47<\/p>\n<p> Kontakt<br \/>\n  Adresse: Autoverwertung Brun AG<br \/>\n           M\u00f6\u00f6slimatten 13<br \/>\n           6218 Ettiswil<br \/>\n  Telefon: 0041 (041) 980 27 47<br \/>\n  Telefax: 0041 (041) 980 03 47<\/p>\n<p> Wir bieten Ihnen weitere gebrauchte Autoteile zum Kauf an.<\/p>\n","protected":false},"excerpt":{"rendered":"<p>Technische Daten Fahrzeug: Fiat 500 Chassis Nr.: ZFA3120000JA20119 Baujahr: 2018 Kilometer: 96758 KM Leistung: 80 PS Hubraum: 875 ccm Typ: 1FC477 Farbcode: &#8211; Hinweise: &#8211; Versand: Versand nur in der Schweiz m\u00f6glich.Im Ausland ist der Transport k\u00e4uferseits. Garantie: 3 Monate Garantie. Bitte beachten Sie, dass die Gew\u00e4hrleistung nur g\u00fcltig ist, wenn der Ersatzteileinbau durch eine&hellip; <a class=\"more-link\" href=\"https:\/\/occasions-teile.ch\/en\/produkt\/ruckbank-sitzbank-fiat-500\/\">Continue reading <span class=\"screen-reader-text\">R\u00fcckbank Sitzbank  Fiat 500<\/span><\/a><\/p>\n","protected":false},"featured_media":106117,"template":"","meta":[],"product_brand":[],"product_cat":[1378,1377,804,1535,1534],"product_tag":[],"class_list":{"0":"post-106118","1":"product","2":"type-product","3":"status-publish","4":"has-post-thumbnail","6":"product_cat-de_500","7":"product_cat-de_fiat","8":"product_cat-de-innenraum","9":"product_cat-de-rueckbank-sitzbank","10":"product_cat-de-sonstiges-de-innenraum","11":"product_shipping_class-tarif-4","12":"entry","14":"first","15":"outofstock","16":"sold-individually","17":"taxable","18":"shipping-taxable","19":"purchasable","20":"product-type-simple"},"jetpack_sharing_enabled":true,"_links":{"self":[{"href":"https:\/\/occasions-teile.ch\/en\/wp-json\/wp\/v2\/product\/106118","targetHints":{"allow":["GET"]}}],"collection":[{"href":"https:\/\/occasions-teile.ch\/en\/wp-json\/wp\/v2\/product"}],"about":[{"href":"https:\/\/occasions-teile.ch\/en\/wp-json\/wp\/v2\/types\/product"}],"wp:featuredmedia":[{"embeddable":true,"href":"https:\/\/occasions-teile.ch\/en\/wp-json\/wp\/v2\/media\/106117"}],"wp:attachment":[{"href":"https:\/\/occasions-teile.ch\/en\/wp-json\/wp\/v2\/media?parent=106118"}],"wp:term":[{"taxonomy":"product_brand","embeddable":true,"href":"https:\/\/occasions-teile.ch\/en\/wp-json\/wp\/v2\/product_brand?post=106118"},{"taxonomy":"product_cat","embeddable":true,"href":"https:\/\/occasions-teile.ch\/en\/wp-json\/wp\/v2\/product_cat?post=106118"},{"taxonomy":"product_tag","embeddable":true,"href":"https:\/\/occasions-teile.ch\/en\/wp-json\/wp\/v2\/product_tag?post=106118"}],"curies":[{"name":"wp","href":"https:\/\/api.w.org\/{rel}","templated":true}]}}