{"id":105857,"date":"2023-10-29T19:25:45","date_gmt":"2023-10-29T19:25:45","guid":{"rendered":"https:\/\/occasions-teile.ch\/product\/1j0407272gd-antriebswelle-vorne-r-audi-a3-1-9tdi-jg02\/"},"modified":"2023-10-29T19:25:45","modified_gmt":"2023-10-29T19:25:45","slug":"1j0407272gd-antriebswelle-vorne-r-audi-a3-1-9tdi-jg02","status":"publish","type":"product","link":"https:\/\/occasions-teile.ch\/en\/produkt\/1j0407272gd-antriebswelle-vorne-r-audi-a3-1-9tdi-jg02\/","title":{"rendered":"1J0407272GD Antriebswelle vorne R Audi A3 1.9TDI JG02"},"content":{"rendered":"<p>Technische Daten<\/p>\n<p>Ersatzteil:  Antriebswelle f\u00fcr andere Fahrzeugen (Marken) verf\u00fcgbar auf anfrage. Tel. 041 980 2747<br \/>\nCode: <\/p>\n<p>Fahrzeug:  Audi A3 1.9TDI 5 Limo<br \/>\nBaujahr:      2002<br \/>\nKilometer:   153911 Km<br \/>\nLeistung:     96KW 130PS<br \/>\nHubraum:    1898 ccm<br \/>\nTYP:            1AB967<br \/>\nHinweise: Das Ersatzteil wurde gepr\u00fcft und ist selbstverst\u00e4ndlich voll funktionst\u00fcchtig!<\/p>\n<p>Versand: Versand nur in der Schweiz m\u00f6glich. Im Ausland ist der Transport k\u00e4uferseits.<br \/>\nGarantie: 3 Monate Garantie. Bitte beachten Sie, dass die Gew\u00e4hrleistung nur g\u00fcltig ist, wenn der Ersatzteileinbau durch eine Fachwerkstatt\/Meisterwerkstatt erfolgt. Das Ein- und Ausbau des Ersatzteiles kann nicht an uns verrechnet werden. <\/p>\n<p>Kontakt<br \/>\nAdresse: Autoverwertung Brun AG<br \/>\nM\u00f6\u00f6slimatten 13<br \/>\n6218 Ettiswil<br \/>\nTelefon: 0041 (041) 980 27 47<br \/>\nTelefax: 0041 (041) 980 03 47<\/p>\n<p>E-Mail:<br \/>\nWeb:<br \/>\nWir bieten Ihnen weitere gebrauchte Autoteile zum Kauf an. <\/p>\n<p>Der Preis ist verhandelbar.<\/p>\n","protected":false},"excerpt":{"rendered":"<p>Technische Daten Ersatzteil: Antriebswelle f\u00fcr andere Fahrzeugen (Marken) verf\u00fcgbar auf anfrage. Tel. 041 980 2747 Code: Fahrzeug: Audi A3 1.9TDI 5 Limo Baujahr: 2002 Kilometer: 153911 Km Leistung: 96KW 130PS Hubraum: 1898 ccm TYP: 1AB967 Hinweise: Das Ersatzteil wurde gepr\u00fcft und ist selbstverst\u00e4ndlich voll funktionst\u00fcchtig! Versand: Versand nur in der Schweiz m\u00f6glich. Im Ausland ist&hellip; <a class=\"more-link\" href=\"https:\/\/occasions-teile.ch\/en\/produkt\/1j0407272gd-antriebswelle-vorne-r-audi-a3-1-9tdi-jg02\/\">Continue reading <span class=\"screen-reader-text\">1J0407272GD Antriebswelle vorne R Audi A3 1.9TDI JG02<\/span><\/a><\/p>\n","protected":false},"featured_media":105856,"template":"","meta":[],"product_brand":[],"product_cat":[2139,1089,783,458,648],"product_tag":[],"class_list":{"0":"post-105857","1":"product","2":"type-product","3":"status-publish","4":"has-post-thumbnail","6":"product_cat-de_a3","7":"product_cat-de-antriebswelle-hinten-links","8":"product_cat-de-antriebswellen","9":"product_cat-de_audi","10":"product_cat-de-getriebe-antrieb","11":"product_shipping_class-tarif-2","12":"entry","14":"first","15":"instock","16":"sold-individually","17":"taxable","18":"shipping-taxable","19":"purchasable","20":"product-type-simple"},"jetpack_sharing_enabled":true,"_links":{"self":[{"href":"https:\/\/occasions-teile.ch\/en\/wp-json\/wp\/v2\/product\/105857","targetHints":{"allow":["GET"]}}],"collection":[{"href":"https:\/\/occasions-teile.ch\/en\/wp-json\/wp\/v2\/product"}],"about":[{"href":"https:\/\/occasions-teile.ch\/en\/wp-json\/wp\/v2\/types\/product"}],"wp:featuredmedia":[{"embeddable":true,"href":"https:\/\/occasions-teile.ch\/en\/wp-json\/wp\/v2\/media\/105856"}],"wp:attachment":[{"href":"https:\/\/occasions-teile.ch\/en\/wp-json\/wp\/v2\/media?parent=105857"}],"wp:term":[{"taxonomy":"product_brand","embeddable":true,"href":"https:\/\/occasions-teile.ch\/en\/wp-json\/wp\/v2\/product_brand?post=105857"},{"taxonomy":"product_cat","embeddable":true,"href":"https:\/\/occasions-teile.ch\/en\/wp-json\/wp\/v2\/product_cat?post=105857"},{"taxonomy":"product_tag","embeddable":true,"href":"https:\/\/occasions-teile.ch\/en\/wp-json\/wp\/v2\/product_tag?post=105857"}],"curies":[{"name":"wp","href":"https:\/\/api.w.org\/{rel}","templated":true}]}}