{"id":104319,"date":"2023-10-29T17:44:47","date_gmt":"2023-10-29T17:44:47","guid":{"rendered":"https:\/\/occasions-teile.ch\/product\/alufelgen-alfa-romeo-mito-2009\/"},"modified":"2023-10-29T17:44:47","modified_gmt":"2023-10-29T17:44:47","slug":"alufelgen-alfa-romeo-mito-2009","status":"publish","type":"product","link":"https:\/\/occasions-teile.ch\/en\/produkt\/alufelgen-alfa-romeo-mito-2009\/","title":{"rendered":"Alufelgen Alfa Romeo Mito 2009"},"content":{"rendered":"<p>Technische Daten<br \/>\n7&#215;17 ET35 215\/45R17<br \/>\n3x am Lager preis pro st\u00fcck!!!<br \/>\nFahrzeug: Alfa Romeo Mito 1.4TB<br \/>\nChassis Nr.: ZAR95500001052879<br \/>\nBaujahr: 11.08.2009<br \/>\nKilometer: 153090 KM<br \/>\nLeistung: 114 KW 155 PS<br \/>\nHubraum: 1368 ccm<br \/>\nTyp: 1AA412<br \/>\nFarbcode: Schwarz<br \/>\nHinweise: Das Ersatzteil wurde gepr\u00fcft und ist selbstverst\u00e4ndlich voll funktionst\u00fcchtig!<\/p>\n<p>Versand: Versand nur in der Schweiz m\u00f6glich. Im Ausland ist der Transport k\u00e4uferseits.<br \/>\nGarantie: 3 Monate Garantie. Bitte beachten Sie, dass die Gew\u00e4hrleistung nur g\u00fcltig ist, wenn der Ersatzteileinbau durch eine Fachwerkstatt\/Meisterwerkstatt erfolgt. Das Ein- und Ausbau des Ersatzteiles kann nicht an uns verrechnet werden.<\/p>\n<p>Ersatzteil: f\u00fcr andere Fahrzeugen (Marken) verf\u00fcgbar auf anfrage. Tel.041 980 27 47. Mobil. 076 589 27 47<\/p>\n<p>Kontakt<br \/>\nAdresse: Autoverwertung Brun AG<br \/>\nM\u00f6\u00f6slimatten 13<br \/>\n6218 Ettiswil<br \/>\nTelefon: 0041 (041) 980 27 47<br \/>\nTelefax: 0041 (041) 980 03 47<\/p>\n<p>Wir bieten Ihnen weitere gebrauchte Autoteile zum Kauf an.<\/p>\n","protected":false},"excerpt":{"rendered":"<p>Technische Daten 7&#215;17 ET35 215\/45R17 3x am Lager preis pro st\u00fcck!!! Fahrzeug: Alfa Romeo Mito 1.4TB Chassis Nr.: ZAR95500001052879 Baujahr: 11.08.2009 Kilometer: 153090 KM Leistung: 114 KW 155 PS Hubraum: 1368 ccm Typ: 1AA412 Farbcode: Schwarz Hinweise: Das Ersatzteil wurde gepr\u00fcft und ist selbstverst\u00e4ndlich voll funktionst\u00fcchtig! Versand: Versand nur in der Schweiz m\u00f6glich. Im Ausland&hellip; <a class=\"more-link\" href=\"https:\/\/occasions-teile.ch\/en\/produkt\/alufelgen-alfa-romeo-mito-2009\/\">Continue reading <span class=\"screen-reader-text\">Alufelgen Alfa Romeo Mito 2009<\/span><\/a><\/p>\n","protected":false},"featured_media":104304,"template":"","meta":[],"product_brand":[],"product_cat":[468,1176,1175,5969,550],"product_tag":[],"class_list":{"0":"post-104319","1":"product","2":"type-product","3":"status-publish","4":"has-post-thumbnail","6":"product_cat-de_alfa-romeo","7":"product_cat-de-alufelgen-felgensatz","8":"product_cat-de-felgensatz","9":"product_cat-de_slug_alfa-romeo_mito_977","10":"product_cat-de-raeder-reifen-felgen","11":"product_shipping_class-tarif-4","12":"entry","14":"first","15":"instock","16":"sold-individually","17":"taxable","18":"shipping-taxable","19":"purchasable","20":"product-type-simple"},"jetpack_sharing_enabled":true,"_links":{"self":[{"href":"https:\/\/occasions-teile.ch\/en\/wp-json\/wp\/v2\/product\/104319","targetHints":{"allow":["GET"]}}],"collection":[{"href":"https:\/\/occasions-teile.ch\/en\/wp-json\/wp\/v2\/product"}],"about":[{"href":"https:\/\/occasions-teile.ch\/en\/wp-json\/wp\/v2\/types\/product"}],"wp:featuredmedia":[{"embeddable":true,"href":"https:\/\/occasions-teile.ch\/en\/wp-json\/wp\/v2\/media\/104304"}],"wp:attachment":[{"href":"https:\/\/occasions-teile.ch\/en\/wp-json\/wp\/v2\/media?parent=104319"}],"wp:term":[{"taxonomy":"product_brand","embeddable":true,"href":"https:\/\/occasions-teile.ch\/en\/wp-json\/wp\/v2\/product_brand?post=104319"},{"taxonomy":"product_cat","embeddable":true,"href":"https:\/\/occasions-teile.ch\/en\/wp-json\/wp\/v2\/product_cat?post=104319"},{"taxonomy":"product_tag","embeddable":true,"href":"https:\/\/occasions-teile.ch\/en\/wp-json\/wp\/v2\/product_tag?post=104319"}],"curies":[{"name":"wp","href":"https:\/\/api.w.org\/{rel}","templated":true}]}}