{"id":103228,"date":"2023-10-29T17:00:32","date_gmt":"2023-10-29T17:00:32","guid":{"rendered":"https:\/\/occasions-teile.ch\/product\/reg002333-alufelgen-land-rover-freelander\/"},"modified":"2023-10-29T17:00:32","modified_gmt":"2023-10-29T17:00:32","slug":"reg002333-alufelgen-land-rover-freelander","status":"publish","type":"product","link":"https:\/\/occasions-teile.ch\/en\/produkt\/reg002333-alufelgen-land-rover-freelander\/","title":{"rendered":"REG002333 Alufelgen Land Rover Freelander"},"content":{"rendered":"<p>Technische Daten<br \/>\nHL-4570-3  8Jx18<br \/>\nOFF55<br \/>\nKratzer vorhanden<br \/>\nFahrzeug: LAND ROVER FREELANDER 2 2.2 SD4 4&#215;4<br \/>\nChassis Nr.: SALFA2DC3DH334739<br \/>\nBaujahr: 06.02.2013<br \/>\nKilometer: 131744 KM<br \/>\nLeistung: 140KW 190PS<br \/>\nHubraum: 2179 ccm<br \/>\nTyp: 1LC618<br \/>\nFarbcode:<br \/>\nHinweise: Das Ersatzteil wurde gepr\u00fcft und ist selbstverst\u00e4ndlich voll funktionst\u00fcchtig!<\/p>\n<p>Versand: Versand nur in der Schweiz m\u00f6glich. Im Ausland ist der Transport k\u00e4uferseits.<br \/>\nGarantie: 3 Monate Garantie. Bitte beachten Sie, dass die Gew\u00e4hrleistung nur g\u00fcltig ist, wenn der Ersatzteileinbau durch eine Fachwerkstatt\/Meisterwerkstatt erfolgt. Das Ein- und Ausbau des Ersatzteiles kann nicht an uns verrechnet werden.<\/p>\n<p>Ersatzteil: f\u00fcr andere Fahrzeugen (Marken) verf\u00fcgbar auf anfrage. Tel.041 980 27 47. Mobil. 076 589 27 47<\/p>\n<p>Kontakt<br \/>\nAdresse: Autoverwertung Brun AG<br \/>\nM\u00f6\u00f6slimatten 13<br \/>\n6218 Ettiswil<br \/>\nTelefon: 0041 (041) 980 27 47<br \/>\nTelefax: 0041 (041) 980 03 47<\/p>\n<p>Wir bieten Ihnen weitere gebrauchte Autoteile zum Kauf an.<\/p>\n","protected":false},"excerpt":{"rendered":"<p>Technische Daten HL-4570-3 8Jx18 OFF55 Kratzer vorhanden Fahrzeug: LAND ROVER FREELANDER 2 2.2 SD4 4&#215;4 Chassis Nr.: SALFA2DC3DH334739 Baujahr: 06.02.2013 Kilometer: 131744 KM Leistung: 140KW 190PS Hubraum: 2179 ccm Typ: 1LC618 Farbcode: Hinweise: Das Ersatzteil wurde gepr\u00fcft und ist selbstverst\u00e4ndlich voll funktionst\u00fcchtig! Versand: Versand nur in der Schweiz m\u00f6glich. Im Ausland ist der Transport k\u00e4uferseits.&hellip; <a class=\"more-link\" href=\"https:\/\/occasions-teile.ch\/en\/produkt\/reg002333-alufelgen-land-rover-freelander\/\">Continue reading <span class=\"screen-reader-text\">REG002333 Alufelgen Land Rover Freelander<\/span><\/a><\/p>\n","protected":false},"featured_media":103216,"template":"","meta":[],"product_brand":[],"product_cat":[1176,1175,1695,1694,550],"product_tag":[],"class_list":{"0":"post-103228","1":"product","2":"type-product","3":"status-publish","4":"has-post-thumbnail","6":"product_cat-de-alufelgen-felgensatz","7":"product_cat-de-felgensatz","8":"product_cat-de_freelander","9":"product_cat-de_land-rover","10":"product_cat-de-raeder-reifen-felgen","11":"product_shipping_class-tarif-4","12":"entry","14":"first","15":"instock","16":"sold-individually","17":"taxable","18":"shipping-taxable","19":"purchasable","20":"product-type-simple"},"jetpack_sharing_enabled":true,"_links":{"self":[{"href":"https:\/\/occasions-teile.ch\/en\/wp-json\/wp\/v2\/product\/103228","targetHints":{"allow":["GET"]}}],"collection":[{"href":"https:\/\/occasions-teile.ch\/en\/wp-json\/wp\/v2\/product"}],"about":[{"href":"https:\/\/occasions-teile.ch\/en\/wp-json\/wp\/v2\/types\/product"}],"wp:featuredmedia":[{"embeddable":true,"href":"https:\/\/occasions-teile.ch\/en\/wp-json\/wp\/v2\/media\/103216"}],"wp:attachment":[{"href":"https:\/\/occasions-teile.ch\/en\/wp-json\/wp\/v2\/media?parent=103228"}],"wp:term":[{"taxonomy":"product_brand","embeddable":true,"href":"https:\/\/occasions-teile.ch\/en\/wp-json\/wp\/v2\/product_brand?post=103228"},{"taxonomy":"product_cat","embeddable":true,"href":"https:\/\/occasions-teile.ch\/en\/wp-json\/wp\/v2\/product_cat?post=103228"},{"taxonomy":"product_tag","embeddable":true,"href":"https:\/\/occasions-teile.ch\/en\/wp-json\/wp\/v2\/product_tag?post=103228"}],"curies":[{"name":"wp","href":"https:\/\/api.w.org\/{rel}","templated":true}]}}