{"id":101534,"date":"2023-10-29T15:26:38","date_gmt":"2023-10-29T15:26:38","guid":{"rendered":"https:\/\/occasions-teile.ch\/product\/alufelgen-kia-sorento-2-2crdi-2018\/"},"modified":"2023-10-29T15:26:38","modified_gmt":"2023-10-29T15:26:38","slug":"alufelgen-kia-sorento-2-2crdi-2018","status":"publish","type":"product","link":"https:\/\/occasions-teile.ch\/en\/produkt\/alufelgen-kia-sorento-2-2crdi-2018\/","title":{"rendered":"Alufelgen Kia Sorento 2.2CRDI 2018"},"content":{"rendered":"<p>Technische Daten<br \/>\n235\/60R18<br \/>\n71\/2Jx18 ET50<br \/>\nAchtung Preis pro st\u00fcck<br \/>\nFahrzeug: Kia SORENTO 18 KEURPC518 \/ C5W52FC5K<br \/>\nChassis Nr.: KNAPH81BDJ5459718<br \/>\nBaujahr: 21.03.2018<br \/>\nKilometer: 141834 KM<br \/>\nLeistung: 147 KW 200 PS<br \/>\nHubraum: 2200 ccm<br \/>\nTyp: X<br \/>\nFarbcode: Schwarz<br \/>\nHinweise: Das Ersatzteil wurde gepr\u00fcft und ist selbstverst\u00e4ndlich voll funktionst\u00fcchtig!<\/p>\n<p>Versand: Versand nur in der Schweiz m\u00f6glich. Im Ausland ist der Transport k\u00e4uferseits.<br \/>\nGarantie: 3 Monate Garantie. Bitte beachten Sie, dass die Gew\u00e4hrleistung nur g\u00fcltig ist, wenn der Ersatzteileinbau durch eine Fachwerkstatt\/Meisterwerkstatt erfolgt. Das Ein- und Ausbau des Ersatzteiles kann nicht an uns verrechnet werden.<\/p>\n<p>Ersatzteil: f\u00fcr andere Fahrzeugen (Marken) verf\u00fcgbar auf anfrage. Tel.041 980 27 47. Mobil. 076 589 27 47<\/p>\n<p>Kontakt<br \/>\nAdresse: Autoverwertung Brun AG<br \/>\nM\u00f6\u00f6slimatten 13<br \/>\n6218 Ettiswil<br \/>\nTelefon: 0041 (041) 980 27 47<br \/>\nTelefax: 0041 (041) 980 03 47<\/p>\n<p>Wir bieten Ihnen weitere gebrauchte Autoteile zum Kauf an.<\/p>\n","protected":false},"excerpt":{"rendered":"<p>Technische Daten 235\/60R18 71\/2Jx18 ET50 Achtung Preis pro st\u00fcck Fahrzeug: Kia SORENTO 18 KEURPC518 \/ C5W52FC5K Chassis Nr.: KNAPH81BDJ5459718 Baujahr: 21.03.2018 Kilometer: 141834 KM Leistung: 147 KW 200 PS Hubraum: 2200 ccm Typ: X Farbcode: Schwarz Hinweise: Das Ersatzteil wurde gepr\u00fcft und ist selbstverst\u00e4ndlich voll funktionst\u00fcchtig! Versand: Versand nur in der Schweiz m\u00f6glich. Im Ausland&hellip; <a class=\"more-link\" href=\"https:\/\/occasions-teile.ch\/en\/produkt\/alufelgen-kia-sorento-2-2crdi-2018\/\">Continue reading <span class=\"screen-reader-text\">Alufelgen Kia Sorento 2.2CRDI 2018<\/span><\/a><\/p>\n","protected":false},"featured_media":101530,"template":"","meta":[],"product_brand":[],"product_cat":[1176,1175,583,550,1979],"product_tag":[],"class_list":{"0":"post-101534","1":"product","2":"type-product","3":"status-publish","4":"has-post-thumbnail","6":"product_cat-de-alufelgen-felgensatz","7":"product_cat-de-felgensatz","8":"product_cat-de_kia","9":"product_cat-de-raeder-reifen-felgen","10":"product_cat-de_sorento","11":"product_shipping_class-tarif-4","12":"entry","14":"first","15":"instock","16":"sold-individually","17":"taxable","18":"shipping-taxable","19":"purchasable","20":"product-type-simple"},"jetpack_sharing_enabled":true,"_links":{"self":[{"href":"https:\/\/occasions-teile.ch\/en\/wp-json\/wp\/v2\/product\/101534","targetHints":{"allow":["GET"]}}],"collection":[{"href":"https:\/\/occasions-teile.ch\/en\/wp-json\/wp\/v2\/product"}],"about":[{"href":"https:\/\/occasions-teile.ch\/en\/wp-json\/wp\/v2\/types\/product"}],"wp:featuredmedia":[{"embeddable":true,"href":"https:\/\/occasions-teile.ch\/en\/wp-json\/wp\/v2\/media\/101530"}],"wp:attachment":[{"href":"https:\/\/occasions-teile.ch\/en\/wp-json\/wp\/v2\/media?parent=101534"}],"wp:term":[{"taxonomy":"product_brand","embeddable":true,"href":"https:\/\/occasions-teile.ch\/en\/wp-json\/wp\/v2\/product_brand?post=101534"},{"taxonomy":"product_cat","embeddable":true,"href":"https:\/\/occasions-teile.ch\/en\/wp-json\/wp\/v2\/product_cat?post=101534"},{"taxonomy":"product_tag","embeddable":true,"href":"https:\/\/occasions-teile.ch\/en\/wp-json\/wp\/v2\/product_tag?post=101534"}],"curies":[{"name":"wp","href":"https:\/\/api.w.org\/{rel}","templated":true}]}}